{"id":901,"date":"2016-11-22T12:38:32","date_gmt":"2016-11-22T12:38:32","guid":{"rendered":"https:\/\/www.wma.net\/es\/?page_id=901"},"modified":"2021-12-16T11:00:24","modified_gmt":"2021-12-16T11:00:24","slug":"educacion","status":"publish","type":"page","link":"https:\/\/www.wma.net\/es\/que-hacemos\/educacion\/","title":{"rendered":"Recursos educativos"},"content":{"rendered":"<p><strong>Colaboraci\u00f3n con la World Continuing Education Alliance<\/strong><\/p>\n<p>La AMM ha iniciado un acuerdo de colaboraci\u00f3n con la WCEA para crear una red mundial de cursos de educaci\u00f3n m\u00e9dica continua.<\/p>\n<p>Estos cursos se ofrecer\u00e1n a organizaciones a trav\u00e9s del &nbsp;mundo que podr\u00e1n seleccionar los cursos que deseen para sus m\u00e9dicos o miembros.<\/p>\n<p>Las organizaciones miembros de la AMM tendr\u00e1n condiciones especiales para acceder a la plataforma y las asociaciones tambi\u00e9n podr\u00e1n compartir la educaci\u00f3n entre ellas por medio de la red.<\/p>\n<p>Un enfoque importante de esta iniciativa es distribuir educaci\u00f3n en las regiones en desarrollo. Cuando los educadores cobran por su educaci\u00f3n se les pide ofrecerla gratuitamente a los m\u00e9dicos en las regiones en desarrollo.<\/p>\n<p>Si usted es un educador que busca vender\/distribuir su educaci\u00f3n a trav\u00e9s del mundo, o es una asociaci\u00f3n, hospital o legislador que quisiera acceder a la red de educaci\u00f3n, por favor escriba a&nbsp;<a href=\"mailto:wma@wcea.education\">wma<span class=\"s2\">@wcea.education<\/span><\/a>&nbsp; o visite&nbsp;<a href=\"http:\/\/www.wcea.education\/\" target=\"_blank\" rel=\"noopener noreferrer\"><span class=\"s2\">www.wcea.education<\/span><\/a><\/p>\n<p><strong>Desarrollo profesional continuo de los m\u00e9dicos<\/strong><\/p>\n<p>La Asociaci\u00f3n M\u00e9dica Mundial proporciona cursos en l\u00ednea y tradicionales para el desarrollo profesional continuo de los m\u00e9dicos. Estos recursos electr\u00f3nicos y material impreso est\u00e1n el sitio con acceso f\u00e1cil y gratuito.<\/p>\n","protected":false},"excerpt":{"rendered":"<p>Colaboraci\u00f3n con la World Continuing Education Alliance La AMM ha iniciado un acuerdo de colaboraci\u00f3n con la WCEA para crear una red mundial de cursos de educaci\u00f3n m\u00e9dica continua. Estos cursos se ofrecer\u00e1n a organizaciones a trav\u00e9s del &nbsp;mundo que podr\u00e1n seleccionar los cursos que deseen para sus m\u00e9dicos o miembros. Las organizaciones miembros de [&hellip;]<\/p>\n","protected":false},"author":3,"featured_media":0,"parent":620,"menu_order":7,"comment_status":"closed","ping_status":"closed","template":"","meta":[],"acf":[],"_links":{"self":[{"href":"https:\/\/www.wma.net\/es\/wp-json\/wp\/v2\/pages\/901"}],"collection":[{"href":"https:\/\/www.wma.net\/es\/wp-json\/wp\/v2\/pages"}],"about":[{"href":"https:\/\/www.wma.net\/es\/wp-json\/wp\/v2\/types\/page"}],"author":[{"embeddable":true,"href":"https:\/\/www.wma.net\/es\/wp-json\/wp\/v2\/users\/3"}],"replies":[{"embeddable":true,"href":"https:\/\/www.wma.net\/es\/wp-json\/wp\/v2\/comments?post=901"}],"version-history":[{"count":6,"href":"https:\/\/www.wma.net\/es\/wp-json\/wp\/v2\/pages\/901\/revisions"}],"predecessor-version":[{"id":17371,"href":"https:\/\/www.wma.net\/es\/wp-json\/wp\/v2\/pages\/901\/revisions\/17371"}],"up":[{"embeddable":true,"href":"https:\/\/www.wma.net\/es\/wp-json\/wp\/v2\/pages\/620"}],"wp:attachment":[{"href":"https:\/\/www.wma.net\/es\/wp-json\/wp\/v2\/media?parent=901"}],"curies":[{"name":"wp","href":"https:\/\/api.w.org\/{rel}","templated":true}]}}