{"id":900,"date":"2016-11-22T12:38:11","date_gmt":"2016-11-22T12:38:11","guid":{"rendered":"https:\/\/www.wma.net\/es\/?page_id=900"},"modified":"2021-06-03T09:57:07","modified_gmt":"2021-06-03T08:57:07","slug":"eventos","status":"publish","type":"page","link":"https:\/\/www.wma.net\/es\/que-hacemos\/eventos\/","title":{"rendered":"Eventos"},"content":{"rendered":"<p>El Consejo de la AMM se re\u00fane dos veces al a\u00f1o, el primer y el segundo semestre&nbsp;justo antes de la Asamblea General anual de la AMM. La Asamblea General es el \u00f3rgano supremo que adopta las decisiones de la AMM y sus reuniones son abiertas a delegaciones de todos los paises miembros de la AMM as\u00ed como a observadores y otros invitados. Adem\u00e1s de las reuniones de su Consejo y de la Asamblea General, la AMM puede tener otras conferencias y seminarios dedicados a temas particulares a fin de hacer avanzar&nbsp;el temario de pol\u00edtica de la organizaci\u00f3n.<\/p>\n\n\n<figure class=\"wp-block-image\"><img alt=\"\" \/><\/figure>\n","protected":false},"excerpt":{"rendered":"<p>El Consejo de la AMM se re\u00fane dos veces al a\u00f1o, el primer y el segundo semestre&nbsp;justo antes de la Asamblea General anual de la AMM. La Asamblea General es el \u00f3rgano supremo que adopta las decisiones de la AMM y sus reuniones son abiertas a delegaciones de todos los paises miembros de la AMM [&hellip;]<\/p>\n","protected":false},"author":3,"featured_media":0,"parent":620,"menu_order":6,"comment_status":"closed","ping_status":"closed","template":"template-events-landing.php","meta":[],"acf":[],"_links":{"self":[{"href":"https:\/\/www.wma.net\/es\/wp-json\/wp\/v2\/pages\/900"}],"collection":[{"href":"https:\/\/www.wma.net\/es\/wp-json\/wp\/v2\/pages"}],"about":[{"href":"https:\/\/www.wma.net\/es\/wp-json\/wp\/v2\/types\/page"}],"author":[{"embeddable":true,"href":"https:\/\/www.wma.net\/es\/wp-json\/wp\/v2\/users\/3"}],"replies":[{"embeddable":true,"href":"https:\/\/www.wma.net\/es\/wp-json\/wp\/v2\/comments?post=900"}],"version-history":[{"count":5,"href":"https:\/\/www.wma.net\/es\/wp-json\/wp\/v2\/pages\/900\/revisions"}],"predecessor-version":[{"id":16353,"href":"https:\/\/www.wma.net\/es\/wp-json\/wp\/v2\/pages\/900\/revisions\/16353"}],"up":[{"embeddable":true,"href":"https:\/\/www.wma.net\/es\/wp-json\/wp\/v2\/pages\/620"}],"wp:attachment":[{"href":"https:\/\/www.wma.net\/es\/wp-json\/wp\/v2\/media?parent=900"}],"curies":[{"name":"wp","href":"https:\/\/api.w.org\/{rel}","templated":true}]}}