{"id":898,"date":"2016-11-22T12:35:24","date_gmt":"2016-11-22T12:35:24","guid":{"rendered":"https:\/\/www.wma.net\/es\/?page_id=898"},"modified":"2022-12-06T15:28:58","modified_gmt":"2022-12-06T15:28:58","slug":"salud-en-peligro","status":"publish","type":"page","link":"https:\/\/www.wma.net\/es\/que-hacemos\/campanas\/salud-en-peligro\/","title":{"rendered":"Salud en Peligro"},"content":{"rendered":"<p>Salud en peligro\u00a0es un\u00a0<a href=\"http:\/\/www.icrc.org\/spa\/what-we-do\/safeguarding-health-care\/index.jsp\" target=\"_blank\" rel=\"noopener noreferrer\">proyecto del Comit\u00e9 Internacional de la Cruz Roja y de la Media Luna Roja (CICR)<\/a>\u00a0comenzado en 2012. Su objetivo es mejorar la eficiencia y prestaci\u00f3n de una atenci\u00f3n m\u00e9dica eficaz e imparcial en los conflictos armados y otras emergencias.<\/p>\r\n<p>En el marco del proyecto, la \u00e9tica m\u00e9dica constituye un \u00e1rea de cooperaci\u00f3n principal entre el CICR y la Asociaci\u00f3n M\u00e9dica Mundial (AMM). Esto fue formalizado con un\u00a0<a href=\"http:\/\/www.icrc.org\/spa\/resources\/documents\/news-release\/2013\/06-26-switzerland-world-medical-association.htm\" target=\"_blank\" rel=\"noopener noreferrer\">Memorando de Entendimiento<\/a>\u00a0(MoU) firmado el 26 de junio de 2013. Con este acuerdo, la AMM busca contribuir al desarrollo del proyecto, en especial al abordar la responsabilidad del personal de salud en los conflictos armados y otras emergencias.<\/p>\r\n<p>En 2015, organizaciones de salud civiles y militares realizaron el lanzamiento del primer c\u00f3digo de \u00e9tica de su tipo, \u00ab<a href=\"https:\/\/www.wma.net\/en\/20activities\/60campaigns\/11HealthDanger\/10icrcevent\/4245_002_Ethical_principles_web.pdf\" target=\"_blank\" rel=\"noopener noreferrer\">Principios \u00e9ticos de atenci\u00f3n m\u00e9dica en tiempos de conflicto armado y otras emergencias<\/a>\u00ab. El primer principio estipula que: \u201cLos principios \u00e9ticos de la asistencia de salud no cambian en tiempo de conflicto armado y otras situaciones de emergencia, sino que son\u00a0los mismos que los principios \u00e9ticos de la asistencia de salud que se aplican en tiempo de paz\u201d.<\/p>\r\n<p>La iniciativa de Salud en Peligro (Health Care in Danger &#8211; HCiD) ha destacado <a href=\"http:\/\/healthcareindanger.org\/es\/what-can-be-done-3\/\">seis prioridades<\/a> en las que las etapas de compromiso con una acci\u00f3n importante debe hacerse por todos los interesados. Para cada una de estas \u00e1reas prioritarias se identificaron recomendaciones y medidas pr\u00e1cticas para ayudar a los diferentes interesados a toma medidas.<\/p>\r\n\r\n<p>En el contexto de la pandemia de Covid-19, las organizaciones mundiales han unido a sus voces en un llamado para proteger a los trabajadores de la salud de la violencia: 13 organizaciones mundiales m\u00e9dicas y humanitarias que representan a m\u00e1s de 30 millones de profesionales de la salud han emitido una <a href=\"https:\/\/healthcareindanger.org\/es\/resource-centre-3\/declaracion-de-la-comunidad-de-interes-de-asistencia-de-salud-en-peligro-acerca-de-la-actual-situacion-de-violencia-contra-la-asistencia-de-salud\/\">declaraci\u00f3n<\/a> condenando los crecientes incidentes de ataques contra trabajadores de salud e instalaciones.<\/p>\r\n<p><strong>Violencia contra la salud: Pr\u00e1cticas actuales para prevenir, reducir o mitigar la violencia contra la salud<\/strong><\/p>\r\n<p>De mayo a julio de 2021, el Consejo Internacional de Enfermeras (CIE), el Comit\u00e9 Internacional de la Cruz Roja (CICR), la Federaci\u00f3n Internacional de Hospitales (IHF) y la Asociaci\u00f3n M\u00e9dica Mundial (AMM), cuatro organizaciones coordinadoras internacionales miembros de la iniciativa global Comunidad de Preocupaci\u00f3n de la Salud en Peligro \u2013 realiz\u00f3 una encuesta conjunta para evaluar las percepciones de violencia contra la atenci\u00f3n de la salud durante las primeras etapas de la pandemia e identificar las buenas pr\u00e1cticas implementadas para prevenir, reducir o mitigar incidentes seg\u00fan las circunstancias del pa\u00eds y perspectivas del personal de salud. La colaboraci\u00f3n tuvo como objetivo crear conciencia sobre este problema global e identificar estrategias y acciones implementadas por representantes y miembros de las cuatro organizaciones para abordar y mitigar la violencia contra la salud. Fue una excelente oportunidad para difundir el aprendizaje y las buenas pr\u00e1cticas del sector de la salud y los equipos operativos y alentar a los actores en terreno a adoptar las estrategias para superar los desaf\u00edos.<\/p>\r\n<p>Vea el <a href=\"https:\/\/www.wma.net\/wp-content\/uploads\/2022\/07\/Violence-against-healthcare-survey-report.pdf\">informe<\/a> (s\u00f3lo en ingl\u00e9s).<\/p>\r\n<p><a href=\"https:\/\/healthcareindanger.org\/the-impact-of-covid-on-violence-against-healthcare-a-global-dialogue-for-peer-exchange-of-good-practice\/\">The impact of Covid on violence against healthcare &#8211; A global dialogue for peer exchange of good practices<\/a> (Seminario web del 1 de diciembre de 2022)<\/p>\r\n","protected":false},"excerpt":{"rendered":"<p>Salud en peligro\u00a0es un\u00a0proyecto del Comit\u00e9 Internacional de la Cruz Roja y de la Media Luna Roja (CICR)\u00a0comenzado en 2012. Su objetivo es mejorar la eficiencia y prestaci\u00f3n de una atenci\u00f3n m\u00e9dica eficaz e imparcial en los conflictos armados y otras emergencias. En el marco del proyecto, la \u00e9tica m\u00e9dica constituye un \u00e1rea de cooperaci\u00f3n [&hellip;]<\/p>\n","protected":false},"author":3,"featured_media":0,"parent":2736,"menu_order":1,"comment_status":"closed","ping_status":"closed","template":"","meta":[],"acf":[],"_links":{"self":[{"href":"https:\/\/www.wma.net\/es\/wp-json\/wp\/v2\/pages\/898"}],"collection":[{"href":"https:\/\/www.wma.net\/es\/wp-json\/wp\/v2\/pages"}],"about":[{"href":"https:\/\/www.wma.net\/es\/wp-json\/wp\/v2\/types\/page"}],"author":[{"embeddable":true,"href":"https:\/\/www.wma.net\/es\/wp-json\/wp\/v2\/users\/3"}],"replies":[{"embeddable":true,"href":"https:\/\/www.wma.net\/es\/wp-json\/wp\/v2\/comments?post=898"}],"version-history":[{"count":17,"href":"https:\/\/www.wma.net\/es\/wp-json\/wp\/v2\/pages\/898\/revisions"}],"predecessor-version":[{"id":19841,"href":"https:\/\/www.wma.net\/es\/wp-json\/wp\/v2\/pages\/898\/revisions\/19841"}],"up":[{"embeddable":true,"href":"https:\/\/www.wma.net\/es\/wp-json\/wp\/v2\/pages\/2736"}],"wp:attachment":[{"href":"https:\/\/www.wma.net\/es\/wp-json\/wp\/v2\/media?parent=898"}],"curies":[{"name":"wp","href":"https:\/\/api.w.org\/{rel}","templated":true}]}}