{"id":892,"date":"2016-11-22T12:34:17","date_gmt":"2016-11-22T12:34:17","guid":{"rendered":"https:\/\/www.wma.net\/es\/?page_id=892"},"modified":"2019-06-06T15:15:21","modified_gmt":"2019-06-06T14:15:21","slug":"influenza","status":"publish","type":"page","link":"https:\/\/www.wma.net\/es\/que-hacemos\/campanas\/influenza\/","title":{"rendered":"Gripe"},"content":{"rendered":"<p>La gripe\u00a0es una infecci\u00f3n que puede producir una enfermedad grave, prolongada y devastadora, incluso la muerte, junto a una mayor permanencia en hospitales y costos adicionales. El riesgo de las complicaciones asociadas a la gripe\u00a0es m\u00e1s alto en las personas mayores, ni\u00f1os peque\u00f1os, pacientes con condiciones m\u00e9dicas y embarazadas.<\/p>\n<p>Los m\u00e9dicos y otro personal de salud juegan un papel importante en la prevenci\u00f3n y transmisi\u00f3n del virus. El virus puede ser transmitido por profesionales de salud sintom\u00e1ticos y asintom\u00e1ticos, que aumentan la exposici\u00f3n de pacientes y empleados al virus, a pesar de esto las tasas\u00a0de inmunizaci\u00f3n entre el personal de salud es muy bajo.<\/p>\n<p>Para abordar este problema, la Asociaci\u00f3n M\u00e9dica Mundial (AMM) lanz\u00f3 una campa\u00f1a de comunicaci\u00f3n global para la vacunaci\u00f3n de m\u00e9dicos con el apoyo de la Federaci\u00f3n Internacional de Fabricantes y Asociaciones Farmac\u00e9uticas (IFPMA). En el primer a\u00f1o, la campa\u00f1a fue dirigida a los m\u00e9dicos a trav\u00e9s de las asociaciones miembros de la AMM para promover la vacunaci\u00f3n contra la\u00a0gripe y motivar a los m\u00e9dicos a ser un ejemplo a seguir. El a\u00f1o siguiente, 2014, se enfatiz\u00f3\u00a0en las personas con NCDs como segundo objetivo. En 2015, se cambi\u00f3 en enfoque a los ni\u00f1os como uno\u00a0de los grupos vulnerables. Se crearon numerosos recursos durante la campa\u00f1a, incluido el micrositio dedicado para la campa\u00f1a, materiales de incidencia pol\u00edtica, v\u00eddeos, entrevistas, blogs y recursos de redes sociales que est\u00e1n todos disponibles gratuitamente en la <a href=\"http:\/\/preventingtheflu.org\/\">p\u00e1gina de la campa\u00f1a<\/a>.<\/p>\n","protected":false},"excerpt":{"rendered":"<p>La gripe\u00a0es una infecci\u00f3n que puede producir una enfermedad grave, prolongada y devastadora, incluso la muerte, junto a una mayor permanencia en hospitales y costos adicionales. El riesgo de las complicaciones asociadas a la gripe\u00a0es m\u00e1s alto en las personas mayores, ni\u00f1os peque\u00f1os, pacientes con condiciones m\u00e9dicas y embarazadas. Los m\u00e9dicos y otro personal de [&hellip;]<\/p>\n","protected":false},"author":3,"featured_media":0,"parent":2736,"menu_order":0,"comment_status":"closed","ping_status":"closed","template":"","meta":[],"acf":[],"_links":{"self":[{"href":"https:\/\/www.wma.net\/es\/wp-json\/wp\/v2\/pages\/892"}],"collection":[{"href":"https:\/\/www.wma.net\/es\/wp-json\/wp\/v2\/pages"}],"about":[{"href":"https:\/\/www.wma.net\/es\/wp-json\/wp\/v2\/types\/page"}],"author":[{"embeddable":true,"href":"https:\/\/www.wma.net\/es\/wp-json\/wp\/v2\/users\/3"}],"replies":[{"embeddable":true,"href":"https:\/\/www.wma.net\/es\/wp-json\/wp\/v2\/comments?post=892"}],"version-history":[{"count":8,"href":"https:\/\/www.wma.net\/es\/wp-json\/wp\/v2\/pages\/892\/revisions"}],"predecessor-version":[{"id":12831,"href":"https:\/\/www.wma.net\/es\/wp-json\/wp\/v2\/pages\/892\/revisions\/12831"}],"up":[{"embeddable":true,"href":"https:\/\/www.wma.net\/es\/wp-json\/wp\/v2\/pages\/2736"}],"wp:attachment":[{"href":"https:\/\/www.wma.net\/es\/wp-json\/wp\/v2\/media?parent=892"}],"curies":[{"name":"wp","href":"https:\/\/api.w.org\/{rel}","templated":true}]}}