{"id":888,"date":"2016-11-22T12:31:08","date_gmt":"2016-11-22T12:31:08","guid":{"rendered":"https:\/\/www.wma.net\/es\/?page_id=888"},"modified":"2019-06-06T15:04:11","modified_gmt":"2019-06-06T14:04:11","slug":"sistemas-de-salud","status":"publish","type":"page","link":"https:\/\/www.wma.net\/es\/que-hacemos\/sistemas-de-salud\/","title":{"rendered":"Sistemas de Salud"},"content":{"rendered":"<p>El acceso a la atenci\u00f3n m\u00e9dica de alta calidad para personas, grupos de personas y toda la poblaci\u00f3n depende mucho de la estructura y la calidad de un sistema de salud. Si bien la Asociaci\u00f3n M\u00e9dica Mundial (AMM) no favorece ning\u00fan tipo de sistema de salud, considera que disponer de la atenci\u00f3n m\u00e9dica asequible y el acceso r\u00e1pido a una ayuda m\u00e9dica es un derecho humano.<\/p>\n<p>Es obligaci\u00f3n de todo Estado promulgar leyes y normas, cuando sea necesario, crear las estructuras y organizaciones necesarios para asegurar que la atenci\u00f3n m\u00e9dica y de salud son ofrecidos a todos sin discriminaci\u00f3n.Eso se puede hacer de diferentes maneras, pero en respeto de los valores y la cultura de sus respectivas sociedades.<\/p>\n<p>La AMM apoya a la OMS en sus esfuerzos de construir y fortalecer sistemas de salud. La AMM aboga por\u00a0un sistema de salud integral con un enfoque en la atenci\u00f3n primaria como parte central, incluida la promoci\u00f3n de la salud, prevenci\u00f3n, atenci\u00f3n secundaria, terciaria y rehabilitaci\u00f3n, respetar a las personas al centro de la medicina. Los sistemas de salud deben proporcionar un tratamiento libre de obst\u00e1culos, de acceso equitable y eficaz a los pacientes y deben considerar cuidadosamente los determinantes sociales de la salud. En dicho sistema de salud, los m\u00e9dicos trabajan en un equipo de salud en el que cada profesi\u00f3n coopera en su dominio de pr\u00e1ctica y con respeto por la experiencia de los otros miembros del equipo.<\/p>\n<p>La salud en s\u00ed puede ser un pilar s\u00f3lido de cualquier econom\u00eda. Un sistema de salud fuerte y equitable no s\u00f3lo ofrece una mejor salud para la gente, sino que tambi\u00e9n trabajos seguros, ayuda al pa\u00eds a sobrellevar de mejor manera las crisis econ\u00f3micas y estar preparados\u00a0 para responder a cat\u00e1strofes y contribuye a la justicia y estabilidad sociales. Reconocer la importancia de los profesionales de la salud y el llamado para invertir en la fuerza laboral son cruciales para lograr el objetivo de cobertura universal de salud y los SDG.<\/p>\n","protected":false},"excerpt":{"rendered":"<p>El acceso a la atenci\u00f3n m\u00e9dica de alta calidad para personas, grupos de personas y toda la poblaci\u00f3n depende mucho de la estructura y la calidad de un sistema de salud. Si bien la Asociaci\u00f3n M\u00e9dica Mundial (AMM) no favorece ning\u00fan tipo de sistema de salud, considera que disponer de la atenci\u00f3n m\u00e9dica asequible y [&hellip;]<\/p>\n","protected":false},"author":3,"featured_media":0,"parent":620,"menu_order":3,"comment_status":"closed","ping_status":"closed","template":"","meta":[],"acf":[],"_links":{"self":[{"href":"https:\/\/www.wma.net\/es\/wp-json\/wp\/v2\/pages\/888"}],"collection":[{"href":"https:\/\/www.wma.net\/es\/wp-json\/wp\/v2\/pages"}],"about":[{"href":"https:\/\/www.wma.net\/es\/wp-json\/wp\/v2\/types\/page"}],"author":[{"embeddable":true,"href":"https:\/\/www.wma.net\/es\/wp-json\/wp\/v2\/users\/3"}],"replies":[{"embeddable":true,"href":"https:\/\/www.wma.net\/es\/wp-json\/wp\/v2\/comments?post=888"}],"version-history":[{"count":8,"href":"https:\/\/www.wma.net\/es\/wp-json\/wp\/v2\/pages\/888\/revisions"}],"predecessor-version":[{"id":12825,"href":"https:\/\/www.wma.net\/es\/wp-json\/wp\/v2\/pages\/888\/revisions\/12825"}],"up":[{"embeddable":true,"href":"https:\/\/www.wma.net\/es\/wp-json\/wp\/v2\/pages\/620"}],"wp:attachment":[{"href":"https:\/\/www.wma.net\/es\/wp-json\/wp\/v2\/media?parent=888"}],"curies":[{"name":"wp","href":"https:\/\/api.w.org\/{rel}","templated":true}]}}