{"id":881,"date":"2016-11-22T12:29:43","date_gmt":"2016-11-22T12:29:43","guid":{"rendered":"https:\/\/www.wma.net\/es\/?page_id=881"},"modified":"2024-12-19T10:04:49","modified_gmt":"2024-12-19T10:04:49","slug":"determinantes-sociales","status":"publish","type":"page","link":"https:\/\/www.wma.net\/es\/que-hacemos\/salud-publica\/determinantes-sociales\/","title":{"rendered":"Determinantes Sociales"},"content":{"rendered":"<p>Las desigualdades en materia de salud entre personas de un mismo pa\u00eds y entre pa\u00edses son un problema urgente de justicia social. Estas desigualdades en materia de salud son resultado de factores no m\u00e9dicos vinculados con el entorno en el que las personas nacen, crecen, viven, trabajan, envejecen y mueren, todos los cuales tienen una incidencia directa en la salud individual. Estos factores est\u00e1n determinados a su vez por el contexto social, pol\u00edtico, cultural, ambiental y econ\u00f3mico m\u00e1s amplio.<\/p>\n<p>La Asociaci\u00f3n M\u00e9dica Mundial (AMM) adopt\u00f3 la <a href=\"https:\/\/www.wma.net\/es\/policies-post\/declaracion-de-oslo-de-la-amm-sobre-los-determinantes-sociales-de-la-salud\/\">Declaraci\u00f3n de Oslo<\/a>, en la que se reconoce la importancia de los determinantes sociales de la salud. Entre otras cosas, la Declaraci\u00f3n destaca que los m\u00e9dicos, como l\u00edderes de confianza de sus comunidades, est\u00e1n bien posicionados para defender a las personas, las comunidades y el personal de salud, y para presionar a los gobiernos para que adopten pol\u00edticas y acciones destinadas a reducir las desigualdades en materia de salud y mejorar las condiciones de vida de las personas.<\/p>\n<p><strong>Desigualdad en materia de salud<\/strong><\/p>\n<p>Si bien la esperanza de vida en general y la esperanza de vida sana en particular han aumentado en su generalidad, estas mejoras var\u00edan entre los grupos demogr\u00e1ficos, con una disparidad persistente y creciente.<\/p>\n<p>Las poblaciones pobres tienen invariablemente peor salud que las poblaciones ricas. Por ejemplo:<\/p>\n<ul>\n<li>Existe una diferencia de 18 a\u00f1os en la esperanza de vida entre los pa\u00edses de altos y bajos ingresos.<\/li>\n<li>En 2016, la mayor\u00eda de los 15 millones de muertes prematuras debidas a enfermedades no transmisibles (ENT) se produjeron en pa\u00edses de bajos y medianos ingresos.<\/li>\n<li>Las disparidades dentro de un pa\u00eds entre las poblaciones m\u00e1s pobres y m\u00e1s ricas en lo que respecta a enfermedades como el c\u00e1ncer han aumentado en todas las regiones del mundo.<\/li>\n<li>La tasa de mortalidad de los ni\u00f1os menores de 5 a\u00f1os es m\u00e1s de ocho veces superior en \u00c1frica que en Europa. Dentro de un mismo pa\u00eds, las mejoras en la salud infantil se han visto obstaculizadas por un progreso m\u00e1s lento en el caso de las poblaciones m\u00e1s pobres.<\/li>\n<\/ul>\n<p>Muchas de estas disparidades en materia de salud son el resultado de barreras estructurales vinculadas a los procesos de toma de decisiones, las pol\u00edticas y las normas sociales en todos los niveles de la sociedad.<\/p>\n<p><strong>Abordar los determinantes sociales de la salud<\/strong><\/p>\n<p>La Organizaci\u00f3n Mundial de la Salud ha publicado un <a href=\"https:\/\/www.who.int\/publications\/i\/item\/9789240088320\">marco operativo para el seguimiento de los determinantes sociales de la equidad<\/a> en materia de salud, que incluye medidas para abordar la brecha sanitaria. Estas orientaciones est\u00e1n dise\u00f1adas para ayudar a los pa\u00edses a desarrollar pol\u00edticas basadas en evidencia para mejorar la equidad en materia de salud, con el objetivo de permitir que todas las personas, en todas partes, alcancen el m\u00e1s alto nivel posible de salud y bienestar.<\/p>\n<div class=\"col-sm-12 col-md-8\"><\/div>\n<div class=\"col-sm-12 col-md-4\"><\/div>\n","protected":false},"excerpt":{"rendered":"<p>Las desigualdades en materia de salud entre personas de un mismo pa\u00eds y entre pa\u00edses son un problema urgente de justicia social. Estas desigualdades en materia de salud son resultado de factores no m\u00e9dicos vinculados con el entorno en el que las personas nacen, crecen, viven, trabajan, envejecen y mueren, todos los cuales tienen una [&hellip;]<\/p>\n","protected":false},"author":3,"featured_media":0,"parent":870,"menu_order":5,"comment_status":"closed","ping_status":"closed","template":"","meta":[],"acf":[],"_links":{"self":[{"href":"https:\/\/www.wma.net\/es\/wp-json\/wp\/v2\/pages\/881"}],"collection":[{"href":"https:\/\/www.wma.net\/es\/wp-json\/wp\/v2\/pages"}],"about":[{"href":"https:\/\/www.wma.net\/es\/wp-json\/wp\/v2\/types\/page"}],"author":[{"embeddable":true,"href":"https:\/\/www.wma.net\/es\/wp-json\/wp\/v2\/users\/3"}],"replies":[{"embeddable":true,"href":"https:\/\/www.wma.net\/es\/wp-json\/wp\/v2\/comments?post=881"}],"version-history":[{"count":16,"href":"https:\/\/www.wma.net\/es\/wp-json\/wp\/v2\/pages\/881\/revisions"}],"predecessor-version":[{"id":24016,"href":"https:\/\/www.wma.net\/es\/wp-json\/wp\/v2\/pages\/881\/revisions\/24016"}],"up":[{"embeddable":true,"href":"https:\/\/www.wma.net\/es\/wp-json\/wp\/v2\/pages\/870"}],"wp:attachment":[{"href":"https:\/\/www.wma.net\/es\/wp-json\/wp\/v2\/media?parent=881"}],"curies":[{"name":"wp","href":"https:\/\/api.w.org\/{rel}","templated":true}]}}