{"id":878,"date":"2016-11-22T12:28:05","date_gmt":"2016-11-22T12:28:05","guid":{"rendered":"https:\/\/www.wma.net\/es\/?page_id=878"},"modified":"2023-11-14T10:16:41","modified_gmt":"2023-11-14T10:16:41","slug":"cambio-climatico","status":"publish","type":"page","link":"https:\/\/www.wma.net\/es\/que-hacemos\/salud-publica\/cambio-climatico\/","title":{"rendered":"Cambio Clim\u00e1tico"},"content":{"rendered":"<p>Existe ahora evidencia persuasiva que demuestra los numerosos riesgos para la salud que presenta el cambio clim\u00e1tico, que amenazan a las poblaciones de bajos y altos ingresos. Estos efectos para la salud incluyen frecuentes olas de calor, inundaciones y eventos clim\u00e1ticos extremos, al igual que consecuencias menos directas como peor seguridad en los alimentos y desnutrici\u00f3n y tambi\u00e9n poblaciones desplazadas. Abordar el cambio clim\u00e1tico tambi\u00e9n es considerado una oportunidad para mejorar la salud en el mundo en el siglo XXI, debido a los importantes beneficios para la salud que presentan las soluciones con bajos niveles de carbono.<\/p>\r\n<p>La AMM sigue los intercambios gubernamentales en el marco de las <a href=\"http:\/\/unfccc.int\/2860.php\" target=\"_blank\" rel=\"noopener noreferrer\">negociaciones del cambio clim\u00e1tico de la ONU<\/a> para que el impacto bien documentado del cambio clim\u00e1tico en la salud y los beneficios para la salud p\u00fablica sean considerados. Los m\u00e9dicos abogan para que la salud sea un componente inherente del debate sobre cambio clim\u00e1tico para una implementaci\u00f3n eficaz y ambiciosa del Acuerdo de Par\u00eds adoptado en diciembre de 2016.<\/p>\r\n\r\n<p><span style=\"color: #000080\"><u><b>Conferencia de la ONU sobre Cambio Clim\u00e1tico COP28 &#8211; Emiratos Arabes Unidos nov\/dic 2023:<\/b><\/u><\/span><\/p>\r\n<div>\r\n<ul class=\"MailOutline\">\r\n<li>En una <a href=\"https:\/\/cop28healthletter.com\/\">carta abierta<\/a> del 1 de noviembre, los l\u00edderes mundiales \u00a0de salud, incluida la AMM, llama a la presidencia de la COP28 y a los l\u00edderes del mundo a comprometerse para acelerar la salida de los combustibles f\u00f3siles y para invertir en la transici\u00f3n a la energ\u00eda renovable, a fin de asegurar la salud para todos. \u00a0#FossilFree4Health #COP28HealthLetter<\/li>\r\n<li>La Organizaci\u00f3n Mundial de la Salud invita a los profesionales de la salud y las organizaciones de salud a firmar una llamada <a href=\"https:\/\/www.who.int\/teams\/environment-climate-change-and-health\/call-for-climate-action\">para acci\u00f3n<\/a>, para terminar con los combustibles f\u00f3siles, crear sistemas de salud bajos en carb\u00f3n y proporcionar las finanzas prometidas\u00a0para el clima.<\/li>\r\n<\/ul>\r\n<\/div>\r\n","protected":false},"excerpt":{"rendered":"<p>Existe ahora evidencia persuasiva que demuestra los numerosos riesgos para la salud que presenta el cambio clim\u00e1tico, que amenazan a las poblaciones de bajos y altos ingresos. Estos efectos para la salud incluyen frecuentes olas de calor, inundaciones y eventos clim\u00e1ticos extremos, al igual que consecuencias menos directas como peor seguridad en los alimentos y [&hellip;]<\/p>\n","protected":false},"author":3,"featured_media":0,"parent":870,"menu_order":2,"comment_status":"closed","ping_status":"closed","template":"","meta":[],"acf":[],"_links":{"self":[{"href":"https:\/\/www.wma.net\/es\/wp-json\/wp\/v2\/pages\/878"}],"collection":[{"href":"https:\/\/www.wma.net\/es\/wp-json\/wp\/v2\/pages"}],"about":[{"href":"https:\/\/www.wma.net\/es\/wp-json\/wp\/v2\/types\/page"}],"author":[{"embeddable":true,"href":"https:\/\/www.wma.net\/es\/wp-json\/wp\/v2\/users\/3"}],"replies":[{"embeddable":true,"href":"https:\/\/www.wma.net\/es\/wp-json\/wp\/v2\/comments?post=878"}],"version-history":[{"count":14,"href":"https:\/\/www.wma.net\/es\/wp-json\/wp\/v2\/pages\/878\/revisions"}],"predecessor-version":[{"id":21303,"href":"https:\/\/www.wma.net\/es\/wp-json\/wp\/v2\/pages\/878\/revisions\/21303"}],"up":[{"embeddable":true,"href":"https:\/\/www.wma.net\/es\/wp-json\/wp\/v2\/pages\/870"}],"wp:attachment":[{"href":"https:\/\/www.wma.net\/es\/wp-json\/wp\/v2\/media?parent=878"}],"curies":[{"name":"wp","href":"https:\/\/api.w.org\/{rel}","templated":true}]}}