{"id":877,"date":"2016-11-22T12:27:38","date_gmt":"2016-11-22T12:27:38","guid":{"rendered":"https:\/\/www.wma.net\/es\/?page_id=877"},"modified":"2019-06-06T16:21:09","modified_gmt":"2019-06-06T15:21:09","slug":"enfermedades-transmisibles","status":"publish","type":"page","link":"https:\/\/www.wma.net\/es\/que-hacemos\/salud-publica\/enfermedades-transmisibles\/","title":{"rendered":"Enfermedades Transmisibles"},"content":{"rendered":"<p>Las enfermedades transmisibles siguen siendo una gran amenaza para la salud p\u00fablica en el mundo. La malaria y\u00a0 el VIH\/SIDA han resurgido como enfermedades devastadoras que azotan muy fuerte a la poblaci\u00f3n de los pa\u00edses pobres. La resistencia microbiana que avanza r\u00e1pidamente nos han llevado a una nueva dimensi\u00f3n de amenaza de las enfermedades contagiosas. Aunque los medicamentos tuberculost\u00e1ticos en principio est\u00e1n disponibles y la tuberculosis y la tuberculosis multirresistente se pueden tratar, todav\u00eda millones de personas mueren de TB cada a\u00f1o. El brote del SRAS en 2002 ha dejado claro que nuestros intensivos viajes intercontinentales no s\u00f3lo nos han dado un alto grado de libertad de movimiento. Junto a nosotros viajan las infecciones peligrosas y las pandemias pueden expandirse por el mundo en s\u00f3lo unos pocos d\u00edas. Lo que antes tomaba meses para propagar una pandemia, ahora es posible en tan corto tiempo que las medidas para contenerla deben ser preparadas con antelaci\u00f3n. Incluso el cambio clim\u00e1tico tiene un impacto en la incidencia de las enfermedades transmisibles. Frente a esta dura realidad, las medidas de prevenci\u00f3n y contenci\u00f3n de las enfermedades transmisibles deben ser una prioridad.<\/p>\n<p>En 1996, la Asociaci\u00f3n M\u00e9dica Mundial public\u00f3 una primera versi\u00f3n de su <a href=\"https:\/\/www.wma.net\/es\/policies-post\/declaracion-de-la-amm-sobre-la-resistencia-a-los-medicamentos-antimicrobianos\/\">Pol\u00edtica sobre Resistencia a los Medicamentos Antimicrobianos<\/a>. Esta pol\u00edtica advert\u00eda que si no se tomaban medidas adecuadas, la resistencia microbiana se convertir\u00eda en un gran problema para la medicina. Esta llamada no fue escuchada, con unas pocas excepciones, no se tomaron las medidas apropiadas y las peores predicciones sobre la resistencia se confirmaron. La resistencia microbiana ahora es una de las razones m\u00e1s comunes de desenlaces fatales causados por infecciones, aunque esto pod\u00eda haberse evitado.<\/p>\n","protected":false},"excerpt":{"rendered":"<p>Las enfermedades transmisibles siguen siendo una gran amenaza para la salud p\u00fablica en el mundo. La malaria y\u00a0 el VIH\/SIDA han resurgido como enfermedades devastadoras que azotan muy fuerte a la poblaci\u00f3n de los pa\u00edses pobres. La resistencia microbiana que avanza r\u00e1pidamente nos han llevado a una nueva dimensi\u00f3n de amenaza de las enfermedades contagiosas. [&hellip;]<\/p>\n","protected":false},"author":3,"featured_media":0,"parent":870,"menu_order":1,"comment_status":"closed","ping_status":"closed","template":"","meta":[],"acf":[],"_links":{"self":[{"href":"https:\/\/www.wma.net\/es\/wp-json\/wp\/v2\/pages\/877"}],"collection":[{"href":"https:\/\/www.wma.net\/es\/wp-json\/wp\/v2\/pages"}],"about":[{"href":"https:\/\/www.wma.net\/es\/wp-json\/wp\/v2\/types\/page"}],"author":[{"embeddable":true,"href":"https:\/\/www.wma.net\/es\/wp-json\/wp\/v2\/users\/3"}],"replies":[{"embeddable":true,"href":"https:\/\/www.wma.net\/es\/wp-json\/wp\/v2\/comments?post=877"}],"version-history":[{"count":9,"href":"https:\/\/www.wma.net\/es\/wp-json\/wp\/v2\/pages\/877\/revisions"}],"predecessor-version":[{"id":12836,"href":"https:\/\/www.wma.net\/es\/wp-json\/wp\/v2\/pages\/877\/revisions\/12836"}],"up":[{"embeddable":true,"href":"https:\/\/www.wma.net\/es\/wp-json\/wp\/v2\/pages\/870"}],"wp:attachment":[{"href":"https:\/\/www.wma.net\/es\/wp-json\/wp\/v2\/media?parent=877"}],"curies":[{"name":"wp","href":"https:\/\/api.w.org\/{rel}","templated":true}]}}