{"id":869,"date":"2016-11-22T12:25:42","date_gmt":"2016-11-22T12:25:42","guid":{"rendered":"https:\/\/www.wma.net\/es\/?page_id=869"},"modified":"2019-06-06T14:41:23","modified_gmt":"2019-06-06T13:41:23","slug":"lgbt","status":"publish","type":"page","link":"https:\/\/www.wma.net\/es\/que-hacemos\/derechos-humanos\/lgbt\/","title":{"rendered":"LGBT"},"content":{"rendered":"<p>Los profesionales de la salud conocen muchos aspectos de la diversidad humana cuando prestan atenci\u00f3n m\u00e9dica, incluidas las diversas variaciones de la sexualidad humana.<\/p>\n<p>Una gran parte de la investigaci\u00f3n cient\u00edfica precisa que la homosexualidad es una variaci\u00f3n natural de la sexualidad humana sin una consecuencia intr\u00ednsecamente nociva para la salud. La discriminaci\u00f3n directa o indirecta, la estigmatizaci\u00f3n, el rechazo de los pares y el acoso siguen teniendo un impacto serio sobre la salud psicol\u00f3gica y f\u00edsica de las personas de la comunidad LGBT. Diversos estudios muestran que debido al estigma y la ignorancia dentro de la sociedad y de los sistemas sanitarios, los miembros de dicha comunidad no cuentan con una atenci\u00f3n m\u00e9dica adecuada o apropiada centrada en el paciente. A parte de la atenci\u00f3n deficitaria, pueden sufrir impedimentos para acceder a unos servicios que s\u00ed est\u00e1n disponibles\u00a0para otros miembros de la poblaci\u00f3n\u00a0(<a href=\"http:\/\/www.who.int\/hiv\/pub\/populations\/lgbt_paper\/en\/\">WHO\/PAHO<\/a>, 2013).<\/p>\n<p>Estas experiencias negativas llevan a una prevalencia m\u00e1s elevada de depresi\u00f3n, ansiedad, abuso de substancias y de pensamientos e intentos de suicidio. En ciertos pa\u00edses, la tasa\u00a0de suicidio entre los adolescentes y adultos j\u00f3venes bisexuales u homosexuales es cuatro veces m\u00e1s alta que las de sus pares (<a href=\"https:\/\/www.cdc.gov\/lgbthealth\/youth.htm\">CDC<\/a>, 2017).<\/p>\n<p>Por otro lado, la confidencialidad es un\u00a0asunto particularmente delicado\u00a0para la comunidad LGBT. Adem\u00e1s de la estigmatizaci\u00f3n, la revelaci\u00f3n de la identidad de una persona como miembro de dicha comunidad de cara a la sociedad puede acarrear discriminaci\u00f3n, detenciones, da\u00f1o f\u00edsico o incluso la condena a la pena capital. Por ello, los miembros de la comunidad LGBT pueden llegar a evitar\u00a0la atenci\u00f3n sanitaria, las pruebas diagn\u00f3sticas o el acceso al tratamiento, conllevando a una diferencia en su salud con respecto a la del resto de la poblaci\u00f3n (<a href=\"http:\/\/www.thelancet.com\/journals\/lancet\/article\/PIIS0140673614601690\/fulltext#http:\/\/www.thelancet.com\/journals\/lancet\/article\/PIIS0140673614601690\/fulltext\">Clark<\/a>, 2014). Por ejemplo, las mujeres lesbianas o bisexuales hacen un menor\u00a0uso de los servicios sanitarios preventivos y, por tanto, pueden tener una mayor probabilidad de padecer c\u00e1ncer de mama o tener\u00a0obesidad. Adem\u00e1s, los hombres gays tienen una mayor probabilidad de contraer ITSs como el VIH y la hepatitis viral (<a href=\"http:\/\/www.who.int\/hiv\/pub\/populations\/lgbt_paper\/en\/\">WHO\/PAHO<\/a>, 2013).<\/p>\n<p>La Asociaci\u00f3n Medica Mundial condena todas las formas de estigmatizaci\u00f3n, penalizaci\u00f3n y discriminaci\u00f3n de las personas seg\u00fan su orientaci\u00f3n sexual y afirma que los enfoques psiqui\u00e1tricos o psicoterap\u00e9uticos de tratamiento no se deben centrar en la homosexualidad misma, sino en los conflictos que surgen entre la homosexualidad y las normas y prejuicios religiosos, sociales e interiorizados.<\/p>\n","protected":false},"excerpt":{"rendered":"<p>Los profesionales de la salud conocen muchos aspectos de la diversidad humana cuando prestan atenci\u00f3n m\u00e9dica, incluidas las diversas variaciones de la sexualidad humana. Una gran parte de la investigaci\u00f3n cient\u00edfica precisa que la homosexualidad es una variaci\u00f3n natural de la sexualidad humana sin una consecuencia intr\u00ednsecamente nociva para la salud. La discriminaci\u00f3n directa o [&hellip;]<\/p>\n","protected":false},"author":3,"featured_media":0,"parent":859,"menu_order":4,"comment_status":"closed","ping_status":"closed","template":"","meta":[],"acf":[],"_links":{"self":[{"href":"https:\/\/www.wma.net\/es\/wp-json\/wp\/v2\/pages\/869"}],"collection":[{"href":"https:\/\/www.wma.net\/es\/wp-json\/wp\/v2\/pages"}],"about":[{"href":"https:\/\/www.wma.net\/es\/wp-json\/wp\/v2\/types\/page"}],"author":[{"embeddable":true,"href":"https:\/\/www.wma.net\/es\/wp-json\/wp\/v2\/users\/3"}],"replies":[{"embeddable":true,"href":"https:\/\/www.wma.net\/es\/wp-json\/wp\/v2\/comments?post=869"}],"version-history":[{"count":13,"href":"https:\/\/www.wma.net\/es\/wp-json\/wp\/v2\/pages\/869\/revisions"}],"predecessor-version":[{"id":12801,"href":"https:\/\/www.wma.net\/es\/wp-json\/wp\/v2\/pages\/869\/revisions\/12801"}],"up":[{"embeddable":true,"href":"https:\/\/www.wma.net\/es\/wp-json\/wp\/v2\/pages\/859"}],"wp:attachment":[{"href":"https:\/\/www.wma.net\/es\/wp-json\/wp\/v2\/media?parent=869"}],"curies":[{"name":"wp","href":"https:\/\/api.w.org\/{rel}","templated":true}]}}