{"id":858,"date":"2016-11-22T12:21:00","date_gmt":"2016-11-22T12:21:00","guid":{"rendered":"https:\/\/www.wma.net\/es\/?page_id=858"},"modified":"2026-03-11T16:55:31","modified_gmt":"2026-03-11T16:55:31","slug":"declaracion-de-taipei","status":"publish","type":"page","link":"https:\/\/www.wma.net\/es\/que-hacemos\/etica-medica\/declaracion-de-taipei\/","title":{"rendered":"Declaraci\u00f3n de Taipei"},"content":{"rendered":"<p>La <a href=\"https:\/\/www.wma.net\/es\/policies-post\/declaracion-de-helsinki-de-la-amm-principios-eticos-para-las-investigaciones-medicas-en-seres-humanos\/\">Declaraci\u00f3n de Helsinki<\/a> de la AMM proporciona normas para la investigaci\u00f3n m\u00e9dica en seres humanos. Su objetivo es promover la conducta \u00e9tica de la investigaci\u00f3n y proteger al ser humano de los riesgos asociados. La Declaraci\u00f3n de Helsinki fue el primer conjunto de normas internacionales sobre investigaci\u00f3n que exigi\u00f3 que los participantes en dicha investigaci\u00f3n entregaran su consentimiento informado.<\/p>\n<p>La investigaci\u00f3n est\u00e1 cambiando. Grandes recopilaciones de informaci\u00f3n y muestras\u00a0humanas permiten desarrollar nuevas estrategias y modelos de investigaci\u00f3n, como tambi\u00e9n nuevos tipos predecibles de investigaci\u00f3n y an\u00e1lisis. La combinaci\u00f3n de una gran cantidad de informaci\u00f3n, la posibilidad de combinar grandes bases de datos y la aplicaci\u00f3n de la tecnolog\u00eda de informaci\u00f3n ya est\u00e1n cambiando todos los aspectos de nuestras vidas. La investigaci\u00f3n no es una excepci\u00f3n.<\/p>\n<p>El potencial de dichas bases de datos es vasto, al igual que los peligros. Aunque existen muchas posibilidades de encontrar soluciones, curas y remedios para una multitud de problemas m\u00e9dicos, enfermedades y sufrimiento, el desaf\u00edo est\u00e1 en el considerable riesgo de abuso y mal uso de las bases de datos y los biobancos. Estamos convencidos de que la respuesta a este dilema se encuentra en un proceso \u00e9ticamente correcto que considere la voluntad y confianza de los que donan y comparten su informaci\u00f3n (o muestras) y tambi\u00e9n reconocer la obligaci\u00f3n de aplicar altos est\u00e1ndares de protecci\u00f3n.<\/p>\n<p>La <a href=\"https:\/\/www.wma.net\/es\/policies-post\/declaracion-de-la-amm-sobre-las-consideraciones-eticas-de-las-bases-de-datos-de-salud-y-los-biobancos\/\">Declaraci\u00f3n de Taipei<\/a> trata de lograr un equilibrio entre los derechos de las personas que entregan sus tejidos o informaci\u00f3n para investigaci\u00f3n y otros prop\u00f3sitos, en base a reglas de confidencialidad y privacidad, y al mismo tiempo reconoce que la informaci\u00f3n de salud se ha convertido en una herramienta muy poderosa para aumentar el conocimiento.<\/p>\n<p>Al considerar los situaciones existentes para el uso (y abuso) de las bases de datos de salud y los biobancos, hemos llegado a la conclusi\u00f3n de que los mayores riesgos puede que no vengan de la ciencia, sino del uso comercial, administrativo o pol\u00edtico de dicha informaci\u00f3n. Limitar nuestras normas s\u00f3lo a la investigaci\u00f3n nos hubiera dejado ciegos frente al inminente riesgo de abuso desde fuera del campo\u00a0de la medicina: comercializaci\u00f3n, reducci\u00f3n de costos y un potencial abuso pol\u00edtico.<\/p>\n<p>Por lo tanto, en contraste con la Declaraci\u00f3n de Helsinki, esta pol\u00edtica\u00a0busca abordar todo uso de las bases de datos de salud y biobancos fuera del tratamiento individual y no est\u00e1 restringida a la investigaci\u00f3n. Puesto que los m\u00e9dicos son\u00a0los principales guardianes de la informaci\u00f3n confidencial de salud, sienten una obligaci\u00f3n ante sus pacientes y otras personas que les entregan su confianza con su informaci\u00f3n y muestras biol\u00f3gicas.<\/p>\n<p>En abril 2025, la AMM nombr\u00f3 un grupo de trabajo interno a fin de iniciar el proceso de revisi\u00f3n de este documento. Para instar a una amplia participaci\u00f3n mundial posible en el proceso de revisi\u00f3n, la AMM colabora con sus miembros constituyentes para realizar una serie de reuniones regionales y adem\u00e1s tendr\u00e1 consultas abiertas en el futuro.<\/p>\n<p>Las reuniones de expertos abiertas sobre la revisi\u00f3n que se realizaron o est\u00e1n confirmadas son:<\/p>\n<ul>\n<li><a href=\"https:\/\/wma.glueup.com\/event\/first-open-expert-meeting-on-the-revision-of-the-wma-declaration-of-taipei-155551\/\">Taipei, Taiw\u00e1n, 4-5 de diciembre de 2025<\/a><\/li>\n<li><a href=\"https:\/\/www.wma.net\/events-post\/the-second-open-expert-meeting-on-the-revision-of-the-wma-declaration-of-taipei\/\" target=\"_blank\" rel=\"noopener\">San Paolo, Brasil \u2013\u00a05 y 6 de marzo de 2026<\/a><\/li>\n<li><a href=\"https:\/\/www.wma.net\/events-post\/the-third-open-expert-meeting-on-the-revision-of-the-wma-declaration-of-taipei\/\" target=\"_blank\" rel=\"noopener\">Vaticano, Italia 30 de mayo &#8211; 2 de junio de 2026<\/a><\/li>\n<li><a href=\"https:\/\/www.wma.net\/events-post\/the-fourth-open-expert-meeting-on-the-revision-of-the-wma-declaration-of-taipei\/\" target=\"_blank\" rel=\"noopener\">Oslo, Noruega &#8211; 14-16 de septiembre de 2026<\/a><\/li>\n<\/ul>\n<p>Si est\u00e1 interesado en seguir este proceso de revisi\u00f3n, lo invitamos a inscribirse en <a href=\"https:\/\/forms.office.com\/pages\/responsepage.aspx?id=vPst2E19Ok22cmAFmAD5EBNl-I7p0n5Bs_TysBO03vlUMFc4VDM0R0pVSk1MSFdSRUFUSk1GWlZEOC4u&amp;route=shorturl\">el bolet\u00edn<\/a> para mantenerse informado.<\/p>\n","protected":false},"excerpt":{"rendered":"<p>La Declaraci\u00f3n de Helsinki de la AMM proporciona normas para la investigaci\u00f3n m\u00e9dica en seres humanos. Su objetivo es promover la conducta \u00e9tica de la investigaci\u00f3n y proteger al ser humano de los riesgos asociados. La Declaraci\u00f3n de Helsinki fue el primer conjunto de normas internacionales sobre investigaci\u00f3n que exigi\u00f3 que los participantes en dicha [&hellip;]<\/p>\n","protected":false},"author":3,"featured_media":0,"parent":854,"menu_order":3,"comment_status":"closed","ping_status":"closed","template":"","meta":[],"acf":[],"_links":{"self":[{"href":"https:\/\/www.wma.net\/es\/wp-json\/wp\/v2\/pages\/858"}],"collection":[{"href":"https:\/\/www.wma.net\/es\/wp-json\/wp\/v2\/pages"}],"about":[{"href":"https:\/\/www.wma.net\/es\/wp-json\/wp\/v2\/types\/page"}],"author":[{"embeddable":true,"href":"https:\/\/www.wma.net\/es\/wp-json\/wp\/v2\/users\/3"}],"replies":[{"embeddable":true,"href":"https:\/\/www.wma.net\/es\/wp-json\/wp\/v2\/comments?post=858"}],"version-history":[{"count":17,"href":"https:\/\/www.wma.net\/es\/wp-json\/wp\/v2\/pages\/858\/revisions"}],"predecessor-version":[{"id":26173,"href":"https:\/\/www.wma.net\/es\/wp-json\/wp\/v2\/pages\/858\/revisions\/26173"}],"up":[{"embeddable":true,"href":"https:\/\/www.wma.net\/es\/wp-json\/wp\/v2\/pages\/854"}],"wp:attachment":[{"href":"https:\/\/www.wma.net\/es\/wp-json\/wp\/v2\/media?parent=858"}],"curies":[{"name":"wp","href":"https:\/\/api.w.org\/{rel}","templated":true}]}}