{"id":856,"date":"2016-11-22T12:12:37","date_gmt":"2016-11-22T12:12:37","guid":{"rendered":"https:\/\/www.wma.net\/es\/?page_id=856"},"modified":"2024-07-16T09:38:56","modified_gmt":"2024-07-16T08:38:56","slug":"declaracion-de-ginebra","status":"publish","type":"page","link":"https:\/\/www.wma.net\/es\/que-hacemos\/etica-medica\/declaracion-de-ginebra\/","title":{"rendered":"Declaraci\u00f3n de Ginebra"},"content":{"rendered":"<p>La <a href=\"https:\/\/www.wma.net\/es\/policies-post\/declaracion-de-ginebra\/\">Declaraci\u00f3n de Ginebra<\/a> es una de las pol\u00edticas m\u00e1s antiguas de la Asociaci\u00f3n M\u00e9dica Mundial (AMM), adoptada por la 2\u00aa Asamblea General en Ginebra en 1948. Como fue considerada como un reemplazo del juramento hipocr\u00e1tico antiguo, aunque basada en sus principios, la Declaraci\u00f3n de Ginebra fue conocida r\u00e1pidamente como la versi\u00f3n moderna del juramento hipocr\u00e1tico.<\/p>\n<p>Sin embargo, se mantiene como uno\u00a0de los documentos m\u00e1s constantes de la AMM. Con s\u00f3lo muy pocas y cuidadosas revisiones durante varias d\u00e9cadas, protege los principios \u00e9ticos de la profesi\u00f3n, influenciados relativamente por el esp\u00edritu de la \u00e9poca y el modernismo.<\/p>\n<p>El juramento no debe ser le\u00eddo solo, sino con pol\u00edticas de la AMM m\u00e1s espec\u00edficas y detalladas, en especial el <a href=\"https:\/\/www.wma.net\/es\/policies-post\/codigo-internacional-de-etica-medica\/\">C\u00f3digo Internacional de Etica M\u00e9dica<\/a>, adoptadas despu\u00e9s de la Declaraci\u00f3n de Ginebra desde 1948.<\/p>\n<p>* Las versiones previas archivadas a continuaci\u00f3n son s\u00f3lo para fines de investigaci\u00f3n:<\/p>\n<ul>\n<li><a href=\"https:\/\/www.wma.net\/wp-content\/uploads\/2024\/05\/Decl-of-Geneva-v-1948_S.pdf\" target=\"_blank\" rel=\"noopener noreferrer\">Declaration of Geneva \u2013 version 1948<\/a><\/li>\n<li><a href=\"https:\/\/www.wma.net\/wp-content\/uploads\/2024\/05\/Decl-of-Geneva-v-1968_S.pdf\" target=\"_blank\" rel=\"noopener noreferrer\">Declaration of Geneva \u2013 version 1968<\/a><\/li>\n<li><a href=\"https:\/\/www.wma.net\/wp-content\/uploads\/2018\/07\/Decl-of-Geneva-v1983-1.pdf\" target=\"_blank\" rel=\"noopener noreferrer\">Declaration of Geneva \u2013 version 1983<\/a><\/li>\n<li><a href=\"https:\/\/www.wma.net\/wp-content\/uploads\/2024\/05\/Decl-of-Geneva-v-1994_S.pdf\" target=\"_blank\" rel=\"noopener noreferrer\">Declaration of Geneva \u2013 version 1994<\/a><\/li>\n<li><a href=\"https:\/\/www.wma.net\/wp-content\/uploads\/2024\/05\/Decl-of-Geneva-v-2005_S.pdf\" target=\"_blank\" rel=\"noopener noreferrer\">Declaration of Geneva \u2013 version 2005<\/a><\/li>\n<li><a href=\"https:\/\/www.wma.net\/wp-content\/uploads\/2024\/05\/Decl-of-Geneva-v-2006_S.pdf\" target=\"_blank\" rel=\"noopener noreferrer\">Declaration of Geneva \u2013 version 2006<\/a><\/li>\n<\/ul>\n<p>* Para versiones en otros idiomas, v\u00e9ase \u00abrecursos de pol\u00edtica de la AMM\u00bb al lado derecho.<\/p>\n","protected":false},"excerpt":{"rendered":"<p>La Declaraci\u00f3n de Ginebra es una de las pol\u00edticas m\u00e1s antiguas de la Asociaci\u00f3n M\u00e9dica Mundial (AMM), adoptada por la 2\u00aa Asamblea General en Ginebra en 1948. Como fue considerada como un reemplazo del juramento hipocr\u00e1tico antiguo, aunque basada en sus principios, la Declaraci\u00f3n de Ginebra fue conocida r\u00e1pidamente como la versi\u00f3n moderna del juramento [&hellip;]<\/p>\n","protected":false},"author":3,"featured_media":0,"parent":854,"menu_order":0,"comment_status":"closed","ping_status":"closed","template":"","meta":[],"acf":[],"_links":{"self":[{"href":"https:\/\/www.wma.net\/es\/wp-json\/wp\/v2\/pages\/856"}],"collection":[{"href":"https:\/\/www.wma.net\/es\/wp-json\/wp\/v2\/pages"}],"about":[{"href":"https:\/\/www.wma.net\/es\/wp-json\/wp\/v2\/types\/page"}],"author":[{"embeddable":true,"href":"https:\/\/www.wma.net\/es\/wp-json\/wp\/v2\/users\/3"}],"replies":[{"embeddable":true,"href":"https:\/\/www.wma.net\/es\/wp-json\/wp\/v2\/comments?post=856"}],"version-history":[{"count":31,"href":"https:\/\/www.wma.net\/es\/wp-json\/wp\/v2\/pages\/856\/revisions"}],"predecessor-version":[{"id":22927,"href":"https:\/\/www.wma.net\/es\/wp-json\/wp\/v2\/pages\/856\/revisions\/22927"}],"up":[{"embeddable":true,"href":"https:\/\/www.wma.net\/es\/wp-json\/wp\/v2\/pages\/854"}],"wp:attachment":[{"href":"https:\/\/www.wma.net\/es\/wp-json\/wp\/v2\/media?parent=856"}],"curies":[{"name":"wp","href":"https:\/\/api.w.org\/{rel}","templated":true}]}}