{"id":7085,"date":"2017-01-17T18:11:45","date_gmt":"2017-01-17T18:11:45","guid":{"rendered":"https:\/\/www.wma.net\/?page_id=7085\/"},"modified":"2017-02-24T12:15:51","modified_gmt":"2017-02-24T12:15:51","slug":"curso-sobre-los-determinantes-sociales-de-la-salud","status":"publish","type":"page","link":"https:\/\/www.wma.net\/es\/que-hacemos\/educacion\/curso-sobre-los-determinantes-sociales-de-la-salud\/","title":{"rendered":"Curso sobre los Determinantes Sociales de la Salud"},"content":{"rendered":"<p>El Institute of Health Equity at University College London ha elaborado un curso MOOC (massive open online course) que presenta los conceptos de los determinantes sociales de la salud y las medidas que pueden adopter las personas y las instituciones. El curso fue escrito por Sir Michael Marmot y sus colegas, el MOOC est\u00e1 disponible gratuitamente en la plataforma \u201cFutureLearning\u201d, en asociaci\u00f3n con el BMJ, publicaci\u00f3n de la Asociaci\u00f3n M\u00e9dica Brit\u00e1nica. Las personas pueden visitar el sitio aqu\u00ed.<\/p>\n","protected":false},"excerpt":{"rendered":"<p>El Institute of Health Equity at University College London ha elaborado un curso MOOC (massive open online course) que presenta los conceptos de los determinantes sociales de la salud y las medidas que pueden adopter las personas y las instituciones. El curso fue escrito por Sir Michael Marmot y sus colegas, el MOOC est\u00e1 disponible [&hellip;]<\/p>\n","protected":false},"author":2,"featured_media":0,"parent":901,"menu_order":1,"comment_status":"closed","ping_status":"closed","template":"","meta":[],"acf":[],"_links":{"self":[{"href":"https:\/\/www.wma.net\/es\/wp-json\/wp\/v2\/pages\/7085"}],"collection":[{"href":"https:\/\/www.wma.net\/es\/wp-json\/wp\/v2\/pages"}],"about":[{"href":"https:\/\/www.wma.net\/es\/wp-json\/wp\/v2\/types\/page"}],"author":[{"embeddable":true,"href":"https:\/\/www.wma.net\/es\/wp-json\/wp\/v2\/users\/2"}],"replies":[{"embeddable":true,"href":"https:\/\/www.wma.net\/es\/wp-json\/wp\/v2\/comments?post=7085"}],"version-history":[{"count":1,"href":"https:\/\/www.wma.net\/es\/wp-json\/wp\/v2\/pages\/7085\/revisions"}],"predecessor-version":[{"id":7086,"href":"https:\/\/www.wma.net\/es\/wp-json\/wp\/v2\/pages\/7085\/revisions\/7086"}],"up":[{"embeddable":true,"href":"https:\/\/www.wma.net\/es\/wp-json\/wp\/v2\/pages\/901"}],"wp:attachment":[{"href":"https:\/\/www.wma.net\/es\/wp-json\/wp\/v2\/media?parent=7085"}],"curies":[{"name":"wp","href":"https:\/\/api.w.org\/{rel}","templated":true}]}}