{"id":6992,"date":"2017-02-23T13:02:44","date_gmt":"2017-02-23T13:02:44","guid":{"rendered":"https:\/\/www.wma.net\/?page_id=6992\/"},"modified":"2024-04-03T14:21:17","modified_gmt":"2024-04-03T13:21:17","slug":"violencia-contra-las-mujeres","status":"publish","type":"page","link":"https:\/\/www.wma.net\/es\/que-hacemos\/derechos-humanos\/la-mujer-y-la-salud\/violencia-contra-las-mujeres\/","title":{"rendered":"Violencia contra las Mujeres"},"content":{"rendered":"<p>La violencia contra las mujeres y ni\u00f1as sigue siendo la violaci\u00f3n m\u00e1s fundamental y generalizada de los derechos humanos de la mujer en el mundo. La <a href=\"http:\/\/www.ohchr.org\/SP\/ProfessionalInterest\/Pages\/ViolenceAgainstWomen.aspx\">Declaraci\u00f3n de la ONU sobre la Eliminaci\u00f3n de la Violencia contra las Mujeres <\/a>define a la violencia contra las mujeres como \u00abtodo acto de violencia de g\u00e9nero que tenga como resultado o es probable que cause da\u00f1o f\u00edsico, sexual, mental o sufrimiento a las mujeres, incluidas las amenazas de dichos actos, presi\u00f3n o privaci\u00f3n arbitraria, ocurra en p\u00fablico o privado\u00bb.<\/p>\n<p>La violencia contra las mujeres es un gran problema de salud p\u00fablica, espec\u00edficamente en relaci\u00f3n a la salud sexual, reproductiva y mental de mujeres y ni\u00f1as. Comparadas con aquellas mujeres\u00a0que no han sufrido violencia perpetrada por sus parejas, las que s\u00ed la han sufrido son\u00a0m\u00e1s propensas a padecer graves problemas de salud mental como depresi\u00f3n, adem\u00e1s de tener 1.5 m\u00e1s probabilidades de contraer VIH\u00a0(<a href=\"http:\/\/www.unwomen.org\/en\/what-we-do\/ending-violence-against-women\/facts-and-figures\">UN Women, 2016<\/a>).<\/p>\n<p>La violencia a manos de sus parejas es la forma de violencia contra las mujeres m\u00e1s com\u00fan. Aproximadamente el 35 por ciento de mujeres en el mundo han experimentado alguna forma de violencia f\u00edsica o sexual en alg\u00fan punto de sus vidas; muchas de estas mujeres sufren esta violencia perpetrada por un compa\u00f1ero \u00edntimo\u00a0(<a href=\"http:\/\/www.who.int\/mediacentre\/factsheets\/fs239\/en\/\">WHO, 2016<\/a>). En ciertos pa\u00edses, el porcentaje de mujeres que han experimentado violencia a manos de sus parejas alcanza el 70 por ciento. Sin embargo, este n\u00famero podr\u00eda ser mayor ya que muchas mujeres tienen miedo de denunciar la violencia que sufren. De hecho, menos del 40 por ciento de mujeres que sufren violencia buscan asistencia y ayuda\u00a0(<a href=\"http:\/\/www.unwomen.org\/en\/what-we-do\/ending-violence-against-women\/facts-and-figures\">UN Women, 2016<\/a>).<\/p>\n<p>La Asociaci\u00f3n M\u00e9dica Mundial (AMM) reconoce que la violencia puede incluir tambi\u00e9n pr\u00e1cticas culturales y tradicionales de riesgo, adem\u00e1s de la violencia f\u00edsica y psicol\u00f3gica. La mutilaci\u00f3n genital femenina y el tr\u00e1fico humano son\u00a0dos cuestiones cr\u00edticas que deben abordarse cuando se lucha contra la violencia contra las mujeres. Al menos 200 millones de mujeres y ni\u00f1as han experimentado la mutilaci\u00f3n genital femenina en todo el mundo. Por otro lado, las mujeres y ni\u00f1as suponen un 70 \u00a0por ciento de todas las v\u00edctimas de tr\u00e1fico a escala global\u00a0(<a href=\"http:\/\/www.who.int\/mediacentre\/factsheets\/fs239\/en\/\">UN Women, 2016<\/a>). La AMM condena firmemente ambas pr\u00e1cticas en su <a href=\"https:\/\/www.wma.net\/es\/policies-post\/declaracion-de-la-amm-sobre-la-mutilacion-genital-femenina\/\">Declaraci\u00f3n sobre la Mutilaci\u00f3n Genital Femenina<\/a> y la <a href=\"https:\/\/www.wma.net\/es\/policies-post\/declaracion-de-la-amm-sobre-el-apoyo-a-la-salud-de-los-ninos-de-la-calle\/\">Declaraci\u00f3n sobre el Apoyo a la Salud de los Ni\u00f1os de la Calle<\/a>.<\/p>\n<p>La AMM aboga activamente por la eliminaci\u00f3n de la violencia y discriminaci\u00f3n contra las mujeres y reconoce el papel crucial que los m\u00e9dicos pueden ejercer. La <a href=\"https:\/\/www.wma.net\/es\/policies-post\/resolucion-de-la-amm-sobre-la-violencia-contra-las-mujeres-y-las-ninas\/\">Resoluci\u00f3n de la AMM sobre la Violencia contra las Mujeres y las Ni\u00f1as<\/a>\u00a0anima a las asociaciones m\u00e9dicas nacionales a abogar para terminar con la violencia contra las mujeres en sus pa\u00edses, promoviendo formaci\u00f3n que enfatice en una concienciaci\u00f3n sobre la violencia existente y su prevenci\u00f3n, y llama a que aumenten la investigaci\u00f3n para publicar asuntos relacionados con la violencia contra las mujeres.<\/p>\n","protected":false},"excerpt":{"rendered":"<p>La violencia contra las mujeres y ni\u00f1as sigue siendo la violaci\u00f3n m\u00e1s fundamental y generalizada de los derechos humanos de la mujer en el mundo. La Declaraci\u00f3n de la ONU sobre la Eliminaci\u00f3n de la Violencia contra las Mujeres define a la violencia contra las mujeres como \u00abtodo acto de violencia de g\u00e9nero que tenga [&hellip;]<\/p>\n","protected":false},"author":2,"featured_media":0,"parent":868,"menu_order":0,"comment_status":"closed","ping_status":"closed","template":"","meta":[],"acf":[],"_links":{"self":[{"href":"https:\/\/www.wma.net\/es\/wp-json\/wp\/v2\/pages\/6992"}],"collection":[{"href":"https:\/\/www.wma.net\/es\/wp-json\/wp\/v2\/pages"}],"about":[{"href":"https:\/\/www.wma.net\/es\/wp-json\/wp\/v2\/types\/page"}],"author":[{"embeddable":true,"href":"https:\/\/www.wma.net\/es\/wp-json\/wp\/v2\/users\/2"}],"replies":[{"embeddable":true,"href":"https:\/\/www.wma.net\/es\/wp-json\/wp\/v2\/comments?post=6992"}],"version-history":[{"count":10,"href":"https:\/\/www.wma.net\/es\/wp-json\/wp\/v2\/pages\/6992\/revisions"}],"predecessor-version":[{"id":22341,"href":"https:\/\/www.wma.net\/es\/wp-json\/wp\/v2\/pages\/6992\/revisions\/22341"}],"up":[{"embeddable":true,"href":"https:\/\/www.wma.net\/es\/wp-json\/wp\/v2\/pages\/868"}],"wp:attachment":[{"href":"https:\/\/www.wma.net\/es\/wp-json\/wp\/v2\/media?parent=6992"}],"curies":[{"name":"wp","href":"https:\/\/api.w.org\/{rel}","templated":true}]}}