{"id":2791,"date":"2016-11-22T12:29:12","date_gmt":"2016-11-22T12:29:12","guid":{"rendered":"https:\/\/www.wma.net\/?page_id=2791\/"},"modified":"2019-06-06T14:52:57","modified_gmt":"2019-06-06T13:52:57","slug":"salud-verde","status":"publish","type":"page","link":"https:\/\/www.wma.net\/es\/que-hacemos\/salud-publica\/salud-verde\/","title":{"rendered":"Salud Verde"},"content":{"rendered":"<p>El sector de la salud produce millones de toneladas de desechos cada a\u00f1o: s\u00f3lidos, l\u00edquidos y gaseosos, incluidos contaminantes potentes como dioxinas (de la incineraci\u00f3n de PVC) y mercurio. Adem\u00e1s, utiliza pl\u00e1sticos, papel, madera y otros recursos. Con esto y otras actividades similares el sector de la salud contribuye\u00a0a la p\u00e9rdida del h\u00e1bitat y la diversidad global y da\u00f1a el ecosistema mundial.<\/p>\n<p>La Asociaci\u00f3n M\u00e9dica Mundial (AMM) insta a todos sus miembros y a la comunidad mundial de la salud a adoptar un enfoque responsable con el medio ambiente. Para conseguir un cambio es necesario concienciar y abogar de forma constante. Esto incluye transformar la pr\u00e1ctica cl\u00ednica en algo responsable con el medio ambiente y \u00a0hacer m\u00e1s verdes las asociaciones m\u00e9dicas.<\/p>\n<h2>Hagamos que la pr\u00e1ctica de la salud sea responsable con el medio ambiente<\/h2>\n<p>Datos clave (Fuente:\u00a0<a href=\"http:\/\/www.who.int\/mediacentre\/factsheets\/fs253\/en\/index.html\">WHO, November 2011<\/a>):<\/p>\n<ul>\n<li>De la cantidad total de residuos generada por actividades relacionadas con los cuidados sanitarios, alrededor del 80% son\u00a0residuos generales.<\/li>\n<li>El restante 20% es material de riesgo que puede ser infeccioso, t\u00f3xico o radiactivo.<\/li>\n<li>Cada a\u00f1o se administran aproximadamente 16 000 millones de inyecciones en todo el mundo, pero no todas las agujas y jeringas se procesan de forma adecuada despu\u00e9s.<\/li>\n<li>Los residuos generados por actividades relacionadas con los cuidados sanitarios contienen microorganismos potencialmente da\u00f1inos, que pueden infectar los pacientes hospitalizados, trabajadores sanitarios y la poblaci\u00f3n en general.<\/li>\n<\/ul>\n<p>Hay varios m\u00e9todos para hacer de los hospitales y los centros de salud lugares responsables con el medio ambiente. Algunos m\u00e9todos incluyen un manejo inteligente de los residuos, como limitar la incineraci\u00f3n de los mismos, reciclar los residuos sin riesgo de forma responsable y disminuir el consumo de papel con la utilizaci\u00f3n de los registros m\u00e9dicos electr\u00f3nicos (RME). Los hospitales y centros de salud pueden ser dise\u00f1ados y construidos para hacer un uso eficiente de energ\u00eda limpia y para optimizar el reciclaje.<\/p>\n<p>A peque\u00f1a\u00a0escala, en la pr\u00e1ctica m\u00e9dica diaria, se aplican los mismos principios, por ejemplo:<\/p>\n<ul>\n<li>Asegurar un uso eficiente y econ\u00f3mico de calentadores de agua.<\/li>\n<li>Usar agua del grifo en lugar\u00a0en embotellada cuando sea posible.<\/li>\n<li>Asegurar que los\u00a0cubos de reciclaje est\u00e9n disponibles y usar papel reciclado.<\/li>\n<li>Usar secadores de manos el\u00e9ctricos en el lavabo.<\/li>\n<li>Usar \u00fanicamente productos de limpieza y de control de plagas\u00a0que sean respetuosos con el medio ambiente.<\/li>\n<li>Reducir el uso de equipamiento que contenga mercurio como esfingomam\u00f3metros, term\u00f3metros y termostatos.<\/li>\n<li>Mantener un sistema de desechos farmacol\u00f3gicos responsable.<\/li>\n<li>Ser l\u00edderes comunitarios y dar un buen ejemplo: compartir coche o ir en bicicleta al trabajo, telecomunicar lo m\u00e1ximo posible.<\/li>\n<li>Educar pacientes y miembros del equipo sobre la salud y beneficios medioambientales de ser responsables con el entorno.<\/li>\n<\/ul>\n<h3>Estudio de Caso<\/h3>\n<h4>Nefrolog\u00eda Verde<\/h4>\n<p>\u2018<a href=\"http:\/\/networks.sustainablehealthcare.org.uk\/network\/green-nephrology\">Green Nephrology<\/a>\u2018 (Centro para\u00a0una atenci\u00f3n sanitaria sostenible) es un programa para mejorar la sostenibilidad del cuidado renal. Implantado a trav\u00e9s de la Campa\u00f1a para una Atenci\u00f3n Sanitaria m\u00e1s Verde en respuesta a la llamada del NHS (Servicio Nacional de Salud de Reino Unido) para reducir la huella de carbono, el programa financia una\u00a0\u00abGreen Nephrology Fellowship\u00bb, donde un residente de nefrolog\u00eda es apoyado para trabajar en mitigaci\u00f3n del cambio clim\u00e1tico dentro del cuidado renal. El programa Green Nephrology espera promover una atenci\u00f3n sanitaria m\u00e1s sostenible a la par que de mayor calidad;\u00a0todo ello a un costo m\u00e1s bajo.<\/p>\n<p>&nbsp;<\/p>\n<h4>Korea Society for Green Hospitals<\/h4>\n<p>En junio de 2013 se inaugur\u00f3 la Sociedad Coreana por los Hospitales Verdes. Es una organizaci\u00f3n dedicada al crecimiento bajo en carbono en la pr\u00e1ctica m\u00e9dica para reducir el impacto ecol\u00f3gico de los hospitales a nivel nacional. Esta sociedad tambi\u00e9n se centra en animar a los hospitales coreanos a unirse a redes internacionales de hospitales verdes y a preparar planes eficientes de respuesta para la implementaci\u00f3n de certificados verdes internacionales.<\/p>\n<p>&nbsp;<\/p>\n<h2>Hagamos que\u00a0las asociaciones m\u00e9dicas sean m\u00e1s sostenibles<\/h2>\n<p>Esto incluye trabajar para reducir la huella de carbono de la cadena\u00a0de suministro y de sus operaciones diarias. Para ir avanzando hacia pr\u00e1cticas m\u00e1s sostenibles, la AMM y sus miembros se comprometen a desarrollar m\u00e9todos verdes de trabajo y de reuni\u00f3n.<\/p>\n<p>Para este fin, el Grupo de Trabajo Verde de la AMM ha establecido una L\u00edneas Gu\u00eda Verdes de forma general:<\/p>\n<p>&nbsp;<\/p>\n<h3>Viaje \/ Transporte<\/h3>\n<ul class=\"unIndentedList\">\n<li>Ahondar en el uso de los transportes compartidos \/ opciones de taxi para los miembros de la AMM siempre que sea posible<\/li>\n<li>Adoptar una pol\u00edtica de transporte responsable con el medio ambiente, marcando objetivos para reducir los viajes del personal, especialmente en coche o avi\u00f3n.<\/li>\n<li>Animar al uso del transporte p\u00fablico y a desplazarse a pie para el transporte local cuando el tiempo lo permita.<\/li>\n<li>Alentar al uso de la bicicleta cuando sea posible.<\/li>\n<li>Animar al uso de comunicaciones por v\u00eda electr\u00f3nica, tales como v\u00eddeo conferencias como alternativa a las reuniones presenciales.<\/li>\n<\/ul>\n<h3>Disminuir los residuos<\/h3>\n<ul class=\"unIndentedList\">\n<li>Cambiar todo el papel est\u00e1ndar de virgen a reciclado.<\/li>\n<li>Cambiar a comunicaci\u00f3n v\u00eda telem\u00e1tica cuando sea posible.<\/li>\n<li>Maximizar el uso ecol\u00f3gico de los ordenadores y otro material de oficina electr\u00f3nico.<\/li>\n<li>Asegurar el uso sistem\u00e1tico y ampliado\u00a0de las papeleras de reciclaje.<\/li>\n<li>Cuando se renueven las oficinas, priorizar opciones verdes (luces autom\u00e1ticas, WC de baja descarga, calefacci\u00f3n, etc) cuando sea posible.<\/li>\n<li>Maximizar el uso de la energ\u00eda, usando mejores y m\u00e1s costo-eficientes t\u00e9cnicas.<\/li>\n<li>Ahondar en fuentes de energ\u00eda renovable.<\/li>\n<li>Evitar el uso de materiales de construcci\u00f3n de fuentes no sostenibles, dando preferencia a maderas provenientes de bosques gestionados de forma responsable<\/li>\n<\/ul>\n<h3>Aspectos generales<\/h3>\n<p>La participaci\u00f3n del personal es clave para el \u00e9xito de la pol\u00edtica previamente descrita. Aunque la responsabilidad \u00faltima de su implementaci\u00f3n sea de la gerencia, todos los miembros del equipo tienen un rol en minimizar los efectos adversos sobre el medio ambiente. Las oficinas deben asegurar que estas pol\u00edticas est\u00e1n en l\u00ednea con toda la legislaci\u00f3n ambiental de relevancia, y exigir los est\u00e1ndares medioambientales de la m\u00e1s alta calidad a sus proveedores.<\/p>\n<p>&nbsp;<\/p>\n<h3>Mecanismos de\u00a0seguimiento<\/h3>\n<p>Es necesario revisar la huella de carbono de la oficina a trav\u00e9s de la evaluaci\u00f3n peri\u00f3dica del impacto del usp de papel, de la electricidad, el agua, etc. dentro de la oficina. Es importante nombrar a un miembro del equipo para que coordine la implementaci\u00f3n de las propuestas.<\/p>\n","protected":false},"excerpt":{"rendered":"<p>El sector de la salud produce millones de toneladas de desechos cada a\u00f1o: s\u00f3lidos, l\u00edquidos y gaseosos, incluidos contaminantes potentes como dioxinas (de la incineraci\u00f3n de PVC) y mercurio. Adem\u00e1s, utiliza pl\u00e1sticos, papel, madera y otros recursos. Con esto y otras actividades similares el sector de la salud contribuye\u00a0a la p\u00e9rdida del h\u00e1bitat y la [&hellip;]<\/p>\n","protected":false},"author":2,"featured_media":0,"parent":870,"menu_order":4,"comment_status":"closed","ping_status":"closed","template":"","meta":[],"acf":[],"_links":{"self":[{"href":"https:\/\/www.wma.net\/es\/wp-json\/wp\/v2\/pages\/2791"}],"collection":[{"href":"https:\/\/www.wma.net\/es\/wp-json\/wp\/v2\/pages"}],"about":[{"href":"https:\/\/www.wma.net\/es\/wp-json\/wp\/v2\/types\/page"}],"author":[{"embeddable":true,"href":"https:\/\/www.wma.net\/es\/wp-json\/wp\/v2\/users\/2"}],"replies":[{"embeddable":true,"href":"https:\/\/www.wma.net\/es\/wp-json\/wp\/v2\/comments?post=2791"}],"version-history":[{"count":17,"href":"https:\/\/www.wma.net\/es\/wp-json\/wp\/v2\/pages\/2791\/revisions"}],"predecessor-version":[{"id":16285,"href":"https:\/\/www.wma.net\/es\/wp-json\/wp\/v2\/pages\/2791\/revisions\/16285"}],"up":[{"embeddable":true,"href":"https:\/\/www.wma.net\/es\/wp-json\/wp\/v2\/pages\/870"}],"wp:attachment":[{"href":"https:\/\/www.wma.net\/es\/wp-json\/wp\/v2\/media?parent=2791"}],"curies":[{"name":"wp","href":"https:\/\/api.w.org\/{rel}","templated":true}]}}