{"id":2736,"date":"2016-11-22T12:33:44","date_gmt":"2016-11-22T12:33:44","guid":{"rendered":"https:\/\/www.wma.net\/?page_id=2736\/"},"modified":"2017-07-06T14:50:46","modified_gmt":"2017-07-06T13:50:46","slug":"campanas","status":"publish","type":"page","link":"https:\/\/www.wma.net\/es\/que-hacemos\/campanas\/","title":{"rendered":"Campa\u00f1as"},"content":{"rendered":"<p>Como organizaci\u00f3n que representa los intereses de m\u00e1s de 9 millones de m\u00e9dicos en el mundo, la Asociaci\u00f3n M\u00e9dica Mundial (AMM) a menudo participa en campa\u00f1as globales para concienciar\u00a0los m\u00e9dicos sobre temas que tienen un impacto en la profesi\u00f3n m\u00e9dica. La AMM trabaja con sus miembros para inspirar acciones, llegar a los m\u00e9dicos en terreno y abogar por la implementaci\u00f3n de sus pol\u00edticas con el objetivo de prestar una atenci\u00f3n \u00e9tica y de calidad de los m\u00e1s altos est\u00e1ndares para mejorar la salud de todos.<\/p>\n","protected":false},"excerpt":{"rendered":"<p>Como organizaci\u00f3n que representa los intereses de m\u00e1s de 9 millones de m\u00e9dicos en el mundo, la Asociaci\u00f3n M\u00e9dica Mundial (AMM) a menudo participa en campa\u00f1as globales para concienciar\u00a0los m\u00e9dicos sobre temas que tienen un impacto en la profesi\u00f3n m\u00e9dica. La AMM trabaja con sus miembros para inspirar acciones, llegar a los m\u00e9dicos en terreno [&hellip;]<\/p>\n","protected":false},"author":2,"featured_media":0,"parent":620,"menu_order":5,"comment_status":"closed","ping_status":"closed","template":"","meta":[],"acf":[],"_links":{"self":[{"href":"https:\/\/www.wma.net\/es\/wp-json\/wp\/v2\/pages\/2736"}],"collection":[{"href":"https:\/\/www.wma.net\/es\/wp-json\/wp\/v2\/pages"}],"about":[{"href":"https:\/\/www.wma.net\/es\/wp-json\/wp\/v2\/types\/page"}],"author":[{"embeddable":true,"href":"https:\/\/www.wma.net\/es\/wp-json\/wp\/v2\/users\/2"}],"replies":[{"embeddable":true,"href":"https:\/\/www.wma.net\/es\/wp-json\/wp\/v2\/comments?post=2736"}],"version-history":[{"count":4,"href":"https:\/\/www.wma.net\/es\/wp-json\/wp\/v2\/pages\/2736\/revisions"}],"predecessor-version":[{"id":8581,"href":"https:\/\/www.wma.net\/es\/wp-json\/wp\/v2\/pages\/2736\/revisions\/8581"}],"up":[{"embeddable":true,"href":"https:\/\/www.wma.net\/es\/wp-json\/wp\/v2\/pages\/620"}],"wp:attachment":[{"href":"https:\/\/www.wma.net\/es\/wp-json\/wp\/v2\/media?parent=2736"}],"curies":[{"name":"wp","href":"https:\/\/api.w.org\/{rel}","templated":true}]}}