{"id":26531,"date":"2026-05-06T14:33:07","date_gmt":"2026-05-06T13:33:07","guid":{"rendered":"https:\/\/www.wma.net\/?page_id=26531"},"modified":"2026-05-06T14:38:52","modified_gmt":"2026-05-06T13:38:52","slug":"informes-de-actividad-de-la-amm","status":"publish","type":"page","link":"https:\/\/www.wma.net\/es\/que-hacemos\/informes-de-actividad-de-la-amm\/","title":{"rendered":"Informes de Actividad de la AMM"},"content":{"rendered":"<p>Esta p\u00e1gina re\u00fane los Informes de Actividad de la Asociaci\u00f3n M\u00e9dica Mundial, a partir de 2026.<\/p>\n<p>Estos informes ofrecen una visi\u00f3n general del trabajo de la AMM en materia de \u00e9tica m\u00e9dica, derechos humanos, salud p\u00fablica, sistemas de salud, asociaciones, comunicaci\u00f3n y desarrollo organizacional.<\/p>\n<p>Destacan las principales actividades, desarrollos de pol\u00edticas, acciones de incidencia y colaboraciones llevadas a cabo por la AMM en apoyo de los m\u00e9dicos, los pacientes y los sistemas de salud en todo el mundo.<\/p>\n<p><a href=\"https:\/\/www.wma.net\/wp-content\/uploads\/2026\/05\/weESCouncil-232-ActivityReport-April2026_S-3.pdf\">Informe de actividades para la 232\u00aa Sesi\u00f3n del Consejo de la AMM (Noviembre 2025 \u2013 Marzo 2026) Belgrado, Serbia<\/a><\/p>\n","protected":false},"excerpt":{"rendered":"<p>Esta p\u00e1gina re\u00fane los Informes de Actividad de la Asociaci\u00f3n M\u00e9dica Mundial, a partir de 2026. Estos informes ofrecen una visi\u00f3n general del trabajo de la AMM en materia de \u00e9tica m\u00e9dica, derechos humanos, salud p\u00fablica, sistemas de salud, asociaciones, comunicaci\u00f3n y desarrollo organizacional. Destacan las principales actividades, desarrollos de pol\u00edticas, acciones de incidencia y [&hellip;]<\/p>\n","protected":false},"author":17,"featured_media":0,"parent":620,"menu_order":0,"comment_status":"closed","ping_status":"closed","template":"","meta":[],"acf":[],"_links":{"self":[{"href":"https:\/\/www.wma.net\/es\/wp-json\/wp\/v2\/pages\/26531"}],"collection":[{"href":"https:\/\/www.wma.net\/es\/wp-json\/wp\/v2\/pages"}],"about":[{"href":"https:\/\/www.wma.net\/es\/wp-json\/wp\/v2\/types\/page"}],"author":[{"embeddable":true,"href":"https:\/\/www.wma.net\/es\/wp-json\/wp\/v2\/users\/17"}],"replies":[{"embeddable":true,"href":"https:\/\/www.wma.net\/es\/wp-json\/wp\/v2\/comments?post=26531"}],"version-history":[{"count":1,"href":"https:\/\/www.wma.net\/es\/wp-json\/wp\/v2\/pages\/26531\/revisions"}],"predecessor-version":[{"id":26535,"href":"https:\/\/www.wma.net\/es\/wp-json\/wp\/v2\/pages\/26531\/revisions\/26535"}],"up":[{"embeddable":true,"href":"https:\/\/www.wma.net\/es\/wp-json\/wp\/v2\/pages\/620"}],"wp:attachment":[{"href":"https:\/\/www.wma.net\/es\/wp-json\/wp\/v2\/media?parent=26531"}],"curies":[{"name":"wp","href":"https:\/\/api.w.org\/{rel}","templated":true}]}}