{"id":25912,"date":"2025-12-19T17:06:20","date_gmt":"2025-12-19T17:06:20","guid":{"rendered":"https:\/\/www.wma.net\/?page_id=25912"},"modified":"2025-12-19T17:18:27","modified_gmt":"2025-12-19T17:18:27","slug":"232-sesion-del-consejo-de-la-amm-belgrado-2026","status":"publish","type":"page","link":"https:\/\/www.wma.net\/es\/seccion-de-miembros\/servicios-y-eventos\/informacion-sobre-eventos\/232-sesion-del-consejo-de-la-amm-belgrado-2026\/","title":{"rendered":"232 Sesi\u00f3n del Consejo de la AMM, Belgrado 2026"},"content":{"rendered":"<p>Ya est\u00e1 abierto el plazo de inscripci\u00f3n y se puede consultar la informaci\u00f3n sobre el evento de la 232 Sesi\u00f3n del Consejo de la AMM, Belgrado 2026, que se celebrar\u00e1 del 23 al 25 de abril de 2026. Haga clic <a href=\"https:\/\/wma.glueup.com\/event\/232nd-wma-council-session-belgrade-2026-154812\/\"><strong>aqu\u00ed<\/strong><\/a> para acceder a la p\u00e1gina del evento.<\/p>\n","protected":false},"excerpt":{"rendered":"<p>Ya est\u00e1 abierto el plazo de inscripci\u00f3n y se puede consultar la informaci\u00f3n sobre el evento de la 232 Sesi\u00f3n del Consejo de la AMM, Belgrado 2026, que se celebrar\u00e1 del 23 al 25 de abril de 2026. Haga clic aqu\u00ed para acceder a la p\u00e1gina del evento.<\/p>\n","protected":false},"author":24,"featured_media":0,"parent":1033,"menu_order":0,"comment_status":"closed","ping_status":"closed","template":"template-member-area.php","meta":[],"acf":[],"_links":{"self":[{"href":"https:\/\/www.wma.net\/es\/wp-json\/wp\/v2\/pages\/25912"}],"collection":[{"href":"https:\/\/www.wma.net\/es\/wp-json\/wp\/v2\/pages"}],"about":[{"href":"https:\/\/www.wma.net\/es\/wp-json\/wp\/v2\/types\/page"}],"author":[{"embeddable":true,"href":"https:\/\/www.wma.net\/es\/wp-json\/wp\/v2\/users\/24"}],"replies":[{"embeddable":true,"href":"https:\/\/www.wma.net\/es\/wp-json\/wp\/v2\/comments?post=25912"}],"version-history":[{"count":2,"href":"https:\/\/www.wma.net\/es\/wp-json\/wp\/v2\/pages\/25912\/revisions"}],"predecessor-version":[{"id":25914,"href":"https:\/\/www.wma.net\/es\/wp-json\/wp\/v2\/pages\/25912\/revisions\/25914"}],"up":[{"embeddable":true,"href":"https:\/\/www.wma.net\/es\/wp-json\/wp\/v2\/pages\/1033"}],"wp:attachment":[{"href":"https:\/\/www.wma.net\/es\/wp-json\/wp\/v2\/media?parent=25912"}],"curies":[{"name":"wp","href":"https:\/\/api.w.org\/{rel}","templated":true}]}}