{"id":24947,"date":"2016-11-22T13:59:56","date_gmt":"2016-11-22T13:59:56","guid":{"rendered":"https:\/\/www.wma.net\/?page_id=24947"},"modified":"2025-07-08T14:23:47","modified_gmt":"2025-07-08T13:23:47","slug":"documentos-de-referencia","status":"publish","type":"page","link":"https:\/\/www.wma.net\/es\/publicaciones\/documentos-de-referencia\/","title":{"rendered":"Documentos de referencia"},"content":{"rendered":"<p><strong>Documento de referencia: Declaraci\u00f3n de Ottawa de la AMM sobre la Salud del Ni\u00f1o<\/strong><\/p>\n<p>La AMM enmend\u00f3 su <a href=\"https:\/\/www.wma.net\/es\/policies-post\/declaracion-de-ottawa-de-la-amm-sobre-la-salud-del-nino\/\">Declaraci\u00f3n de Ottawa sobre la Salud del ni\u00f1o<\/a> en su Asamblea General en Nueva Delhi en 2009. Aunque los principios generales estipulados en la Declaraci\u00f3n de Ottawa son necesarios para el crecimiento y desarrollo del ni\u00f1o, se reconoce que aplicar dichos principios pueden quedar en un estado deseado si los recursos son limitados. En esas situaciones, cumplir con los principios espec\u00edficos detallados en este documento de referencia debe ser una prioridad para los gobiernos, los prestadores de atenci\u00f3n m\u00e9dica, las comunidades y los padres.<\/p>\n","protected":false},"excerpt":{"rendered":"<p>Documento de referencia: Declaraci\u00f3n de Ottawa de la AMM sobre la Salud del Ni\u00f1o La AMM enmend\u00f3 su Declaraci\u00f3n de Ottawa sobre la Salud del ni\u00f1o en su Asamblea General en Nueva Delhi en 2009. Aunque los principios generales estipulados en la Declaraci\u00f3n de Ottawa son necesarios para el crecimiento y desarrollo del ni\u00f1o, se [&hellip;]<\/p>\n","protected":false},"author":7,"featured_media":0,"parent":939,"menu_order":2,"comment_status":"closed","ping_status":"closed","template":"","meta":[],"acf":[],"_links":{"self":[{"href":"https:\/\/www.wma.net\/es\/wp-json\/wp\/v2\/pages\/24947"}],"collection":[{"href":"https:\/\/www.wma.net\/es\/wp-json\/wp\/v2\/pages"}],"about":[{"href":"https:\/\/www.wma.net\/es\/wp-json\/wp\/v2\/types\/page"}],"author":[{"embeddable":true,"href":"https:\/\/www.wma.net\/es\/wp-json\/wp\/v2\/users\/7"}],"replies":[{"embeddable":true,"href":"https:\/\/www.wma.net\/es\/wp-json\/wp\/v2\/comments?post=24947"}],"version-history":[{"count":4,"href":"https:\/\/www.wma.net\/es\/wp-json\/wp\/v2\/pages\/24947\/revisions"}],"predecessor-version":[{"id":24951,"href":"https:\/\/www.wma.net\/es\/wp-json\/wp\/v2\/pages\/24947\/revisions\/24951"}],"up":[{"embeddable":true,"href":"https:\/\/www.wma.net\/es\/wp-json\/wp\/v2\/pages\/939"}],"wp:attachment":[{"href":"https:\/\/www.wma.net\/es\/wp-json\/wp\/v2\/media?parent=24947"}],"curies":[{"name":"wp","href":"https:\/\/api.w.org\/{rel}","templated":true}]}}