{"id":19760,"date":"2022-11-25T10:25:15","date_gmt":"2022-11-25T10:25:15","guid":{"rendered":"https:\/\/www.wma.net\/?page_id=19760"},"modified":"2026-02-03T19:42:49","modified_gmt":"2026-02-03T19:42:49","slug":"manual-de-declaraciones-de-la-amm","status":"publish","type":"page","link":"https:\/\/www.wma.net\/es\/publicaciones\/manual-de-declaraciones-de-la-amm\/","title":{"rendered":"Manual de Declaraciones de la AMM"},"content":{"rendered":"<p>El Manual de Declaraciones de la AMM contiene la posici\u00f3n de la Asociaci\u00f3n M\u00e9dica Mundial sobre una variedad de temas \u00e9ticos y sociales que por lo general son factores importantes para la salud del ser humano y pertinentes para los m\u00e9dicos del mundo entero. Algunas Declaraciones han sido revisadas para incluir nuevos conocimientos o mejorar algunas veces la redacci\u00f3n dif\u00edcil, resultado inevitable de deliberaciones entre personas que hablan distintos idiomas. Este proceso din\u00e1mico demuestra que la AMM evoluciona constantemente y es una organizaci\u00f3n \u00fanica, ideal para proteger los intereses de los pacientes y defender a la profesi\u00f3n m\u00e9dica.<\/p>\n<p>La versi\u00f3n actual fue actualizada en febrero de 2026, actualizada con el resultado de las decisiones tomadas por la 76\u00aa Asamblea General de la AMM, Oporto, Portugal, octubre de 2025. Puede descargarla desde <span style=\"color: #ff0000\"><a style=\"color: #ff0000\" href=\"https:\/\/www.wma.net\/wp-content\/uploads\/2026\/02\/HB-S-Version-2025-1.pdf\" target=\"_blank\" rel=\"noopener\">aqu\u00ed<\/a><\/span>.<\/p>\n","protected":false},"excerpt":{"rendered":"<p>El Manual de Declaraciones de la AMM contiene la posici\u00f3n de la Asociaci\u00f3n M\u00e9dica Mundial sobre una variedad de temas \u00e9ticos y sociales que por lo general son factores importantes para la salud del ser humano y pertinentes para los m\u00e9dicos del mundo entero. Algunas Declaraciones han sido revisadas para incluir nuevos conocimientos o mejorar [&hellip;]<\/p>\n","protected":false},"author":5,"featured_media":0,"parent":939,"menu_order":1,"comment_status":"closed","ping_status":"closed","template":"","meta":[],"acf":[],"_links":{"self":[{"href":"https:\/\/www.wma.net\/es\/wp-json\/wp\/v2\/pages\/19760"}],"collection":[{"href":"https:\/\/www.wma.net\/es\/wp-json\/wp\/v2\/pages"}],"about":[{"href":"https:\/\/www.wma.net\/es\/wp-json\/wp\/v2\/types\/page"}],"author":[{"embeddable":true,"href":"https:\/\/www.wma.net\/es\/wp-json\/wp\/v2\/users\/5"}],"replies":[{"embeddable":true,"href":"https:\/\/www.wma.net\/es\/wp-json\/wp\/v2\/comments?post=19760"}],"version-history":[{"count":8,"href":"https:\/\/www.wma.net\/es\/wp-json\/wp\/v2\/pages\/19760\/revisions"}],"predecessor-version":[{"id":26076,"href":"https:\/\/www.wma.net\/es\/wp-json\/wp\/v2\/pages\/19760\/revisions\/26076"}],"up":[{"embeddable":true,"href":"https:\/\/www.wma.net\/es\/wp-json\/wp\/v2\/pages\/939"}],"wp:attachment":[{"href":"https:\/\/www.wma.net\/es\/wp-json\/wp\/v2\/media?parent=19760"}],"curies":[{"name":"wp","href":"https:\/\/api.w.org\/{rel}","templated":true}]}}