{"id":17441,"date":"2021-12-22T15:03:45","date_gmt":"2021-12-22T15:03:45","guid":{"rendered":"https:\/\/www.wma.net\/?page_id=17441"},"modified":"2022-01-03T13:53:21","modified_gmt":"2022-01-03T13:53:21","slug":"federacion-mundial-de-educacion-medica","status":"publish","type":"page","link":"https:\/\/www.wma.net\/es\/que-hacemos\/educacion\/federacion-mundial-de-educacion-medica\/","title":{"rendered":"WFME   &#8211;                                                              Federaci\u00f3n Mundial de Educaci\u00f3n M\u00e9dica"},"content":{"rendered":"\n<p><\/p>\n\n\n\n<p> <\/p>\n\n\n\n<p><\/p>\n\n\n\n<p>Hasta los a\u00f1os setenta las primeras conferencias mundiales sobre educaci\u00f3n mundial fueron organizadas por la Asociaci\u00f3n M\u00e9dica Mundial. La AMM mantuvo un comit\u00e9 permanente sobre educaci\u00f3n m\u00e9dica desde 1950 hasta 1982. Reconociendo la funci\u00f3n decisiva de las escuelas y facultades de medicina, como tambi\u00e9n por la bien establecida organizaci\u00f3n global de estudiantes de medicina, la Federaci\u00f3n Internacional de Asociaciones de Estudiantes de Medicina (IFMSA), la AMM uni\u00f3 fuerzas con la Organizaci\u00f3n Mundial de la Salud, las organizaciones regionales de las escuelas de medicina y profesores acad\u00e9micos y la IFMSA para fundar la <a href=\"https:\/\/wfme.org\/\">Federaci\u00f3n Mundial de Educaci\u00f3n M\u00e9dica<\/a> (WFME) en 1972.<\/p>\n\n\n\n<p>Desde entonces, la WFME ha sido la plataforma com\u00fan para acordar los principios y normas para la educaci\u00f3n m\u00e9dica en todo el ciclo de vida de las actividades profesionales. La AMM ha ratificado los <a href=\"https:\/\/wfme.org\/standards\/\">documentos b\u00e1sicos sobre educaci\u00f3n profesional de pre y post grado y continua<\/a>, como tambi\u00e9n sobre el <a href=\"https:\/\/wfme.org\/standards\/distributed-and-distance-learning-standards-ddl\/\">Aprendizaje distribuido y a distancia en educaci\u00f3n m\u00e9dica<\/a> en 2021.<\/p>\n\n\n\n<p>La WFME ha elaborado un programa de reconocimiento global para la <a href=\"https:\/\/wfme.org\/accreditation\/\">acreditaci\u00f3n de la educaci\u00f3n m\u00e9dica b\u00e1sica<\/a> y ha colaborado en el <a href=\"https:\/\/wfme.org\/world-directory\/\">Directorio Mundial de las Escuelas de Medicina<\/a>. La AMM coopera estrechamente con la WFME en temas educacionales.<\/p>\n","protected":false},"excerpt":{"rendered":"<p>Hasta los a\u00f1os setenta las primeras conferencias mundiales sobre educaci\u00f3n mundial fueron organizadas por la Asociaci\u00f3n M\u00e9dica Mundial. La AMM mantuvo un comit\u00e9 permanente sobre educaci\u00f3n m\u00e9dica desde 1950 hasta 1982. Reconociendo la funci\u00f3n decisiva de las escuelas y facultades de medicina, como tambi\u00e9n por la bien establecida organizaci\u00f3n global de estudiantes de medicina, la [&hellip;]<\/p>\n","protected":false},"author":7,"featured_media":0,"parent":901,"menu_order":16,"comment_status":"closed","ping_status":"closed","template":"","meta":[],"acf":[],"_links":{"self":[{"href":"https:\/\/www.wma.net\/es\/wp-json\/wp\/v2\/pages\/17441"}],"collection":[{"href":"https:\/\/www.wma.net\/es\/wp-json\/wp\/v2\/pages"}],"about":[{"href":"https:\/\/www.wma.net\/es\/wp-json\/wp\/v2\/types\/page"}],"author":[{"embeddable":true,"href":"https:\/\/www.wma.net\/es\/wp-json\/wp\/v2\/users\/7"}],"replies":[{"embeddable":true,"href":"https:\/\/www.wma.net\/es\/wp-json\/wp\/v2\/comments?post=17441"}],"version-history":[{"count":4,"href":"https:\/\/www.wma.net\/es\/wp-json\/wp\/v2\/pages\/17441\/revisions"}],"predecessor-version":[{"id":17453,"href":"https:\/\/www.wma.net\/es\/wp-json\/wp\/v2\/pages\/17441\/revisions\/17453"}],"up":[{"embeddable":true,"href":"https:\/\/www.wma.net\/es\/wp-json\/wp\/v2\/pages\/901"}],"wp:attachment":[{"href":"https:\/\/www.wma.net\/es\/wp-json\/wp\/v2\/media?parent=17441"}],"curies":[{"name":"wp","href":"https:\/\/api.w.org\/{rel}","templated":true}]}}