{"id":14211,"date":"2020-02-25T16:16:54","date_gmt":"2020-02-25T16:16:54","guid":{"rendered":"https:\/\/www.wma.net\/?page_id=14211"},"modified":"2025-10-16T13:30:26","modified_gmt":"2025-10-16T12:30:26","slug":"plan-estrategico-de-la-amm","status":"publish","type":"page","link":"https:\/\/www.wma.net\/es\/que-hacemos\/plan-estrategico-de-la-amm\/","title":{"rendered":"Plan Estrat\u00e9gico de la AMM"},"content":{"rendered":"\r\n<p>La Asamblea General de la AMM, Oporto 2025, adopt\u00f3 su Plan Estrat\u00e9gico para los pr\u00f3ximos cinco a\u00f1os, 2026 a 2030.<\/p>\r\n<p><span style=\"color: #0000ff\"><strong>\u21d2 <a href=\"https:\/\/www.wma.net\/wp-content\/uploads\/2025\/10\/2026-2030-WMA-Strategic-Plan_S.pdf\" target=\"_blank\" rel=\"noopener\">Haga clic <em>aqu\u00ed <\/em>para descargar<\/a><\/strong><\/span><\/p>\r\n<p>El Plan Estrat\u00e9gico para 2020-2025, adoptado por la Asamblea General de la AMM, Tbilisi 2019, est\u00e1 disponible <span style=\"color: #0000ff\"><strong><a href=\"https:\/\/www.wma.net\/wp-content\/uploads\/2020\/03\/2020-2025-Strategic-plan_S-1.pdf\"><em>aqu\u00ed<\/em><\/a>.<\/strong><\/span><\/p>\r\n","protected":false},"excerpt":{"rendered":"<p>La Asamblea General de la AMM, Oporto 2025, adopt\u00f3 su Plan Estrat\u00e9gico para los pr\u00f3ximos cinco a\u00f1os, 2026 a 2030. \u21d2 Haga clic aqu\u00ed para descargar El Plan Estrat\u00e9gico para 2020-2025, adoptado por la Asamblea General de la AMM, Tbilisi 2019, est\u00e1 disponible aqu\u00ed.<\/p>\n","protected":false},"author":5,"featured_media":0,"parent":620,"menu_order":11,"comment_status":"closed","ping_status":"closed","template":"","meta":[],"acf":[],"_links":{"self":[{"href":"https:\/\/www.wma.net\/es\/wp-json\/wp\/v2\/pages\/14211"}],"collection":[{"href":"https:\/\/www.wma.net\/es\/wp-json\/wp\/v2\/pages"}],"about":[{"href":"https:\/\/www.wma.net\/es\/wp-json\/wp\/v2\/types\/page"}],"author":[{"embeddable":true,"href":"https:\/\/www.wma.net\/es\/wp-json\/wp\/v2\/users\/5"}],"replies":[{"embeddable":true,"href":"https:\/\/www.wma.net\/es\/wp-json\/wp\/v2\/comments?post=14211"}],"version-history":[{"count":6,"href":"https:\/\/www.wma.net\/es\/wp-json\/wp\/v2\/pages\/14211\/revisions"}],"predecessor-version":[{"id":25543,"href":"https:\/\/www.wma.net\/es\/wp-json\/wp\/v2\/pages\/14211\/revisions\/25543"}],"up":[{"embeddable":true,"href":"https:\/\/www.wma.net\/es\/wp-json\/wp\/v2\/pages\/620"}],"wp:attachment":[{"href":"https:\/\/www.wma.net\/es\/wp-json\/wp\/v2\/media?parent=14211"}],"curies":[{"name":"wp","href":"https:\/\/api.w.org\/{rel}","templated":true}]}}