{"id":11094,"date":"2018-06-27T15:24:27","date_gmt":"2018-06-27T14:24:27","guid":{"rendered":"https:\/\/www.wma.net\/?page_id=11094"},"modified":"2024-11-15T09:30:55","modified_gmt":"2024-11-15T09:30:55","slug":"quienes-somos","status":"publish","type":"page","link":"https:\/\/www.wma.net\/es\/quienes-somos\/quienes-somos\/","title":{"rendered":"Qui\u00e9nes Somos"},"content":{"rendered":"<h2>\u00bfQu\u00e9 es la AMM?<\/h2>\n<p>La Asociaci\u00f3n M\u00e9dica Mundial (AMM) es una organizaci\u00f3n internacional que representa a los m\u00e9dicos. Fue fundada el 18 de septiembre de 1947, cuando m\u00e9dicos de 27 pa\u00edses diferentes se reunieron en la Primera Asamblea General de la AMM, en Par\u00eds. La organizaci\u00f3n fue creada para asegurar la independencia de los m\u00e9dicos y para servir los niveles m\u00e1s altos posibles en conducta \u00e9tica y atenci\u00f3n m\u00e9dica, en todo momento. Esto fue particularmente importante para los m\u00e9dicos despu\u00e9s de la Segunda Guerra Mundial y por esto, la AMM siempre ha sido una confederaci\u00f3n independiente de asociaciones profesionales libres. La AMM es financiada a trav\u00e9s de las cuotas anuales de sus miembros, que ahora han aumentado a 115 pa\u00edses.<\/p>\n<p>La AMM ofrece a sus asociaciones miembros un foro para comunicar libremente, cooperar de manera activa, lograr consenso sobre altos niveles de \u00e9tica m\u00e9dica y competencia profesional y promover la libertad profesional de los m\u00e9dicos del mundo.<\/p>\n<p>Esta participaci\u00f3n \u00fanica facilita una atenci\u00f3n m\u00e9dica humana y de calidad para los pacientes, en un medio sano, lo que mejora la calidad de vida para todos los habitantes del planeta.<\/p>\n<h2>\u00bfCu\u00e1l es su misi\u00f3n?<\/h2>\n<p>El objetivo de la AMM es servir a la humanidad mediante el esfuerzo por alcanzar los niveles m\u00e1s altos en educaci\u00f3n m\u00e9dica, arte de la medicina, \u00e9tica m\u00e9dica y atenci\u00f3n m\u00e9dica para todas las personas del mundo.<\/p>\n<h2>\u00bfQu\u00e9 hacemos?<\/h2>\n<p>Como organizaci\u00f3n que promueve los niveles m\u00e1s altos de \u00e9tica m\u00e9dica, la AMM proporciona orientaci\u00f3n \u00e9tica a los m\u00e9dicos a trav\u00e9s de sus Declaraciones. Tambi\u00e9n sirve de gu\u00eda para las asociaciones m\u00e9dicas nacionales, gobiernos y organizaciones internacionales del mundo. Las Declaraciones cubren una amplia gama de temas, incluidos el c\u00f3digo internacional de \u00e9tica m\u00e9dica, derechos de los pacientes, investigaci\u00f3n en seres humanos, atenci\u00f3n de enfermos y heridos en tiempo de conflicto armado, tortura de presos, uso y abuso de drogas, planificaci\u00f3n familiar y contaminaci\u00f3n.<\/p>\n<h3>Como asociaci\u00f3n profesional, la AMM cumple las siguientes funciones:<\/h3>\n<ul>\n<li>Representaci\u00f3n de la profesi\u00f3n m\u00e9dica.<\/li>\n<li>Derechos humanos relacionados con la salud: promoci\u00f3n y defensa de los derechos b\u00e1sicos de pacientes y m\u00e9dicos.<\/li>\n<li>Educaci\u00f3n m\u00e9dica: ayuda a los m\u00e9dicos a mejorar continuamente sus conocimientos y experiencia.<\/li>\n<li>Planificaci\u00f3n de los recursos humanos para los servicios de salud.<\/li>\n<li>Seguridad del paciente.<\/li>\n<li>Pol\u00edtica de salud p\u00fablica y proyectos como el control del tabaco y la inmunizaci\u00f3n.<\/li>\n<li>Introducci\u00f3n de procedimientos democr\u00e1ticos en las profesiones m\u00e9dicas de las nuevas democracias.<\/li>\n<li>Liderazgo y desarrollo de carrera.<\/li>\n<li>Salud y seguridad en el trabajo<\/li>\n<\/ul>\n<h3>Asociados y Alianzas<\/h3>\n<p>La AMM tiene relaciones oficiales con la Organizaci\u00f3n Mundial de la Salud (OMS). Est\u00e1 asociada y tiene alianzas con otras asociaciones profesionales de salud, organismos gubernamentales y no gubernamentales; las asociaciones m\u00e9dicas regionales apoyan la labor de la AMM para prestar la mejor atenci\u00f3n posible a los pacientes del mundo. En particular, la Alianza Mundial de Profesiones de la Salud (<a href=\"http:\/\/www.whpa.org\/\" target=\"_blank\" rel=\"noopener noreferrer\">www.whpa.org<\/a>) combina los esfuerzos de las asociaciones profesionales internacionales de m\u00e9dicos, enfermeras y farmac\u00e9uticos para defender y trabajar por las m\u00e1s altas normas de atenci\u00f3n m\u00e9dica para todos.<\/p>\n","protected":false},"excerpt":{"rendered":"<p>\u00bfQu\u00e9 es la AMM? La Asociaci\u00f3n M\u00e9dica Mundial (AMM) es una organizaci\u00f3n internacional que representa a los m\u00e9dicos. Fue fundada el 18 de septiembre de 1947, cuando m\u00e9dicos de 27 pa\u00edses diferentes se reunieron en la Primera Asamblea General de la AMM, en Par\u00eds. La organizaci\u00f3n fue creada para asegurar la independencia de los m\u00e9dicos [&hellip;]<\/p>\n","protected":false},"author":5,"featured_media":0,"parent":971,"menu_order":0,"comment_status":"closed","ping_status":"closed","template":"","meta":[],"acf":[],"_links":{"self":[{"href":"https:\/\/www.wma.net\/es\/wp-json\/wp\/v2\/pages\/11094"}],"collection":[{"href":"https:\/\/www.wma.net\/es\/wp-json\/wp\/v2\/pages"}],"about":[{"href":"https:\/\/www.wma.net\/es\/wp-json\/wp\/v2\/types\/page"}],"author":[{"embeddable":true,"href":"https:\/\/www.wma.net\/es\/wp-json\/wp\/v2\/users\/5"}],"replies":[{"embeddable":true,"href":"https:\/\/www.wma.net\/es\/wp-json\/wp\/v2\/comments?post=11094"}],"version-history":[{"count":7,"href":"https:\/\/www.wma.net\/es\/wp-json\/wp\/v2\/pages\/11094\/revisions"}],"predecessor-version":[{"id":23749,"href":"https:\/\/www.wma.net\/es\/wp-json\/wp\/v2\/pages\/11094\/revisions\/23749"}],"up":[{"embeddable":true,"href":"https:\/\/www.wma.net\/es\/wp-json\/wp\/v2\/pages\/971"}],"wp:attachment":[{"href":"https:\/\/www.wma.net\/es\/wp-json\/wp\/v2\/media?parent=11094"}],"curies":[{"name":"wp","href":"https:\/\/api.w.org\/{rel}","templated":true}]}}