{"id":10918,"date":"2018-05-23T10:52:29","date_gmt":"2018-05-23T09:52:29","guid":{"rendered":"https:\/\/www.wma.net\/?page_id=10918"},"modified":"2022-04-01T15:00:16","modified_gmt":"2022-04-01T14:00:16","slug":"politica-de-privacidad","status":"publish","type":"page","link":"https:\/\/www.wma.net\/es\/politica-de-privacidad\/","title":{"rendered":"Pol\u00edtica de privacidad"},"content":{"rendered":"<p>Esta pol\u00edtica de privacidad establece c\u00f3mo la Asociaci\u00f3n M\u00e9dica Mundial (AMM) utiliza y protege toda informaci\u00f3n que nos entrega cuando visita este sitio.<\/p>\n<p><strong>Procesamiento de datos y objetivo<\/strong><\/p>\n<p>La AMM est\u00e1 comprometida a respetar la privacidad de las personas que visitan su sitio, <a href=\"http:\/\/www.wma.net\">www.wma.net<\/a><\/p>\n<p>El procesamiento de la informaci\u00f3n relativa a las personas naturales identificadas o identificables (\u201cdatos personales\u201d) recopilada a trav\u00e9s de este sitio est\u00e1 sujeta a la legislaci\u00f3n francesa, incluida la regulaci\u00f3n (UE) 2016\/679 del Parlamento Europeo y del Consejo del 27 de abril de 2016 sobre la protecci\u00f3n de las personas naturales con respecto al procesamiento de datos personales y la libre circulaci\u00f3n de \u00e9stos.<\/p>\n<p>Cuando visita el sitio de la AMM, almacenamos informaci\u00f3n sobre sus acciones en base a su direcci\u00f3n IP: las p\u00e1ginas que visita, el tiempo que pasa en las p\u00e1ginas y la localizaci\u00f3n. La AMM puede recopilar ciertos datos personales como el nombre, direcci\u00f3n, organizaci\u00f3n y direcci\u00f3n electr\u00f3nica a trav\u00e9s de formularios de contacto e inscripci\u00f3n de este sitio.<\/p>\n<p>Los datos personales recogidos por la AMM son utilizados para procesar sus preguntas de manera eficaz, mantenerlo actualizado con los eventos de la AMM, noticias, comunicados de prensa y otra informaci\u00f3n que pueda interesarle. Podr\u00e1 elegir los datos que desea recibir de la AMM.<\/p>\n<p><strong>Tiempo en que se almacenan sus datos personales<\/strong><\/p>\n<p>La AMM s\u00f3lo almacena los datos por el tiempo requerido para el cumplimiento de los objetivos anteriores. Puede borrarse de la lista de servicios a los que se ha inscrito en cualquier momento.<\/p>\n<p><strong>Transferencia de sus datos personales<\/strong><\/p>\n<p>Su informaci\u00f3n es tratada con la mayor confidencialidad y s\u00f3lo ser\u00e1 transferida a terceros con su consentimiento o si la ley nos lo exige.<\/p>\n<p><strong>Sus derechos<\/strong><\/p>\n<p>Tiene derecho a la informaci\u00f3n sobre acceso, rectificaci\u00f3n y portabilidad de sus datos y el derecho de ser borrado. Esto lo puede hacer al contactarnos a secretariat@wma.net o Asociaci\u00f3n M\u00e9dica Mundial, 13\u00aa, chemin du Levant, 01210 Ferney-Voltaire, Francia.<\/p>\n<p>Si considera que la informaci\u00f3n que tenemos sobre usted es incorrecta o incompleta, s\u00edrvase contactarnos a la brevedad posible a nuestra direcci\u00f3n electr\u00f3nica. Tomaremos las medidas apropiadas destinadas a corregir o eliminar toda informaci\u00f3n que sea incorrecta.<\/p>\n<p><strong>Enlaces a otros sitios<\/strong><\/p>\n<p>Este sitio puede tener enlaces que le permiten visitar otros sitios de inter\u00e9s f\u00e1cilmente. Sin embargo, una vez que haya utilizado estos enlaces para salir de nuestro sitio, debe tomar en cuenta que no tenemos ning\u00fan control sobre los otros sitios. Por lo tanto, no podemos ser responsables de la protecci\u00f3n y la privacidad de cualquier informaci\u00f3n que entregue durante su visita a esos sitios y ellos no est\u00e1n regulados por esta pol\u00edtica de privacidad. Debe ser cuidadoso y revisar la pol\u00edtica de privacidad del sitio en cuesti\u00f3n.<\/p>\n<p><strong>Cambios en la pol\u00edtica de privacidad<\/strong><\/p>\n<p>La AMM se reserva el derecho de cambiar esta pol\u00edtica de privacidad para cumplir con la legislaci\u00f3n aplicable sobre privacidad.<\/p>\n","protected":false},"excerpt":{"rendered":"<p>Esta pol\u00edtica de privacidad establece c\u00f3mo la Asociaci\u00f3n M\u00e9dica Mundial (AMM) utiliza y protege toda informaci\u00f3n que nos entrega cuando visita este sitio. Procesamiento de datos y objetivo La AMM est\u00e1 comprometida a respetar la privacidad de las personas que visitan su sitio, www.wma.net El procesamiento de la informaci\u00f3n relativa a las personas naturales identificadas [&hellip;]<\/p>\n","protected":false},"author":5,"featured_media":0,"parent":0,"menu_order":12,"comment_status":"closed","ping_status":"closed","template":"","meta":[],"acf":[],"_links":{"self":[{"href":"https:\/\/www.wma.net\/es\/wp-json\/wp\/v2\/pages\/10918"}],"collection":[{"href":"https:\/\/www.wma.net\/es\/wp-json\/wp\/v2\/pages"}],"about":[{"href":"https:\/\/www.wma.net\/es\/wp-json\/wp\/v2\/types\/page"}],"author":[{"embeddable":true,"href":"https:\/\/www.wma.net\/es\/wp-json\/wp\/v2\/users\/5"}],"replies":[{"embeddable":true,"href":"https:\/\/www.wma.net\/es\/wp-json\/wp\/v2\/comments?post=10918"}],"version-history":[{"count":1,"href":"https:\/\/www.wma.net\/es\/wp-json\/wp\/v2\/pages\/10918\/revisions"}],"predecessor-version":[{"id":10919,"href":"https:\/\/www.wma.net\/es\/wp-json\/wp\/v2\/pages\/10918\/revisions\/10919"}],"wp:attachment":[{"href":"https:\/\/www.wma.net\/es\/wp-json\/wp\/v2\/media?parent=10918"}],"curies":[{"name":"wp","href":"https:\/\/api.w.org\/{rel}","templated":true}]}}