{"id":1045,"date":"2016-11-22T14:28:25","date_gmt":"2016-11-22T14:28:25","guid":{"rendered":"https:\/\/www.wma.net\/es\/?page_id=1045"},"modified":"2018-03-20T15:15:18","modified_gmt":"2018-03-20T15:15:18","slug":"escribanos","status":"publish","type":"page","link":"https:\/\/www.wma.net\/es\/escribanos\/","title":{"rendered":"Escr\u00edbanos"},"content":{"rendered":"<p><strong>WMA The World Medical Association<\/strong><br \/>\n13, ch. du Levant<br \/>\nCIB &#8211; B\u00e2timent A<br \/>\n01210 Ferney-Voltaire<br \/>\nFrance<\/p>\n<p>Phone: +33 4 50 40 75 75<br \/>\nFax: +33 4 50 40 59 37<br \/>\ne-mail: <a href=\"mailto:wma@wma.net\">wma@wma.net<\/a><\/p>\n<p>Los m\u00e9dicos que deseen ser <strong>miembros asociados de la AMM<\/strong> (a t\u00edtulo individual) s\u00edrvanse llenar <a title=\"Sign up\" href=\"\/wma?page_id=1016\" target=\"_blank\" rel=\"noopener noreferrer\">el siguiente formulario<\/a>\u00a0o enviarlo por correo electr\u00f3nico a <a href=\"mailto:wma-am@wma.net\">wma-am@wma.net<\/a><\/p>\n<p>Si tiene problemas t\u00e9cnicos, s\u00edrvase escribir al <a href=\"mailto:webmaster@wma.net\">Webmaster<\/a><\/p>\n","protected":false},"excerpt":{"rendered":"<p>WMA The World Medical Association 13, ch. du Levant CIB &#8211; B\u00e2timent A 01210 Ferney-Voltaire France Phone: +33 4 50 40 75 75 Fax: +33 4 50 40 59 37 e-mail: wma@wma.net Los m\u00e9dicos que deseen ser miembros asociados de la AMM (a t\u00edtulo individual) s\u00edrvanse llenar el siguiente formulario\u00a0o enviarlo por correo electr\u00f3nico a [&hellip;]<\/p>\n","protected":false},"author":3,"featured_media":0,"parent":0,"menu_order":8,"comment_status":"closed","ping_status":"closed","template":"template-contact-us.php","meta":[],"acf":[],"_links":{"self":[{"href":"https:\/\/www.wma.net\/es\/wp-json\/wp\/v2\/pages\/1045"}],"collection":[{"href":"https:\/\/www.wma.net\/es\/wp-json\/wp\/v2\/pages"}],"about":[{"href":"https:\/\/www.wma.net\/es\/wp-json\/wp\/v2\/types\/page"}],"author":[{"embeddable":true,"href":"https:\/\/www.wma.net\/es\/wp-json\/wp\/v2\/users\/3"}],"replies":[{"embeddable":true,"href":"https:\/\/www.wma.net\/es\/wp-json\/wp\/v2\/comments?post=1045"}],"version-history":[{"count":5,"href":"https:\/\/www.wma.net\/es\/wp-json\/wp\/v2\/pages\/1045\/revisions"}],"predecessor-version":[{"id":10577,"href":"https:\/\/www.wma.net\/es\/wp-json\/wp\/v2\/pages\/1045\/revisions\/10577"}],"wp:attachment":[{"href":"https:\/\/www.wma.net\/es\/wp-json\/wp\/v2\/media?parent=1045"}],"curies":[{"name":"wp","href":"https:\/\/api.w.org\/{rel}","templated":true}]}}