{"id":1033,"date":"2016-11-22T14:24:39","date_gmt":"2016-11-22T14:24:39","guid":{"rendered":"https:\/\/www.wma.net\/es\/?page_id=1033"},"modified":"2024-10-31T16:20:25","modified_gmt":"2024-10-31T16:20:25","slug":"informacion-sobre-eventos","status":"publish","type":"page","link":"https:\/\/www.wma.net\/es\/seccion-de-miembros\/servicios-y-eventos\/informacion-sobre-eventos\/","title":{"rendered":"Informaci\u00f3n sobre Eventos"},"content":{"rendered":"<p>El Consejo de la AMM se re\u00fane dos veces al a\u00f1o, una en el primer semestre y la otra\u00a0inmediatamente antes de la Asamblea General anual de la AMM. La asamblea General es el \u00f3rgano supremo de la AMM que toma las decisiones y sus reuniones est\u00e1n abiertas a las delegaciones de todos los miembros constituyentes (asociaciones m\u00e9dicas nacionales) de la AMM y tambi\u00e9n a observadores\u00a0y otros\u00a0invitados.<\/p>\n<p>Los lugares en que se re\u00fane la Asamblea General de la AMM son determinados por un sistema de rotaci\u00f3n mundial, en el que la Asamblea se celebra en cada una de las seis regiones de la AMM en un per\u00edodo de seis a\u00f1os. Las fechas de las pr\u00f3ximas reuniones est\u00e1n en la <a href=\"https:\/\/www.wma.net\/es\/que-hacemos\/eventos\/\">secci\u00f3n de eventos<\/a>. Cualquier miembro constituyente de estas regiones puede proponer organizar reuniones de la Asamblea General o del Consejo, la informaci\u00f3n correspondiente puede ser consultada en los siguientes documentos:<\/p>\n<ul>\n<li><a href=\"https:\/\/www.wma.net\/wp-content\/uploads\/2018\/06\/WMA-General-Assembly-Planning-v2017_S.pdf\" target=\"_blank\" rel=\"noopener\">Planificaci\u00f3n de la Asamblea General de la AMM<\/a><\/li>\n<li><a href=\"https:\/\/www.wma.net\/wp-content\/uploads\/2024\/10\/WMA-Council-Session-Planning-v2024_S.pdf\" target=\"_blank\" rel=\"noopener\">Planificaci\u00f3n de la Sesi\u00f3n del Consejo de la AMM<\/a><\/li>\n<\/ul>\n<p>Las condiciones y el compromiso financiero m\u00ednimo est\u00e1n descritos en la secci\u00f3n sobre las responsabilidades de la asociaci\u00f3n miembro anfitriona.<\/p>\n<p>Las asociaciones miembros que invitan deben leer las directrices adoptadas por el Consejo y la Asamblea General de la AMM en 2022:<\/p>\n<ul>\n<li><a href=\"https:\/\/www.wma.net\/wp-content\/uploads\/2022\/10\/WMA-Green-Guidelines-Oct-2022_S.pdf\">Directrices ambientales para las reuniones de la AMM con el fin de realizar eventos m\u00e1s sustentables<\/a><\/li>\n<li><a href=\"https:\/\/www.wma.net\/es\/policies-post\/directrices-de-la-amm-sobre-la-igualdad-lgbtq-en-los-lugares-donde-se-celebran-reuniones-y-funciones-de-la-amm\/\">Directrices de la AMM sobre la igualdad LGBTQ en los lugares donde se celebran reuniones y funciones de la AMM<\/a><\/li>\n<\/ul>\n<p>Las asociaciones miembros que invitan deber\u00e1n llenar un cuestionario. Si necesitan m\u00e1s informaci\u00f3n, s\u00edrvase ponerse en contacto con la Sra. Sunny Park (<a href=\"mailto:sunny.park@wma.net\" target=\"_blank\" rel=\"noopener\">sunny.park@wma.net<\/a>) en el Secretariado de la AMM.<\/p>\n","protected":false},"excerpt":{"rendered":"<p>El Consejo de la AMM se re\u00fane dos veces al a\u00f1o, una en el primer semestre y la otra\u00a0inmediatamente antes de la Asamblea General anual de la AMM. La asamblea General es el \u00f3rgano supremo de la AMM que toma las decisiones y sus reuniones est\u00e1n abiertas a las delegaciones de todos los miembros constituyentes [&hellip;]<\/p>\n","protected":false},"author":3,"featured_media":0,"parent":1027,"menu_order":0,"comment_status":"closed","ping_status":"closed","template":"template-member-area.php","meta":[],"acf":[],"_links":{"self":[{"href":"https:\/\/www.wma.net\/es\/wp-json\/wp\/v2\/pages\/1033"}],"collection":[{"href":"https:\/\/www.wma.net\/es\/wp-json\/wp\/v2\/pages"}],"about":[{"href":"https:\/\/www.wma.net\/es\/wp-json\/wp\/v2\/types\/page"}],"author":[{"embeddable":true,"href":"https:\/\/www.wma.net\/es\/wp-json\/wp\/v2\/users\/3"}],"replies":[{"embeddable":true,"href":"https:\/\/www.wma.net\/es\/wp-json\/wp\/v2\/comments?post=1033"}],"version-history":[{"count":12,"href":"https:\/\/www.wma.net\/es\/wp-json\/wp\/v2\/pages\/1033\/revisions"}],"predecessor-version":[{"id":23698,"href":"https:\/\/www.wma.net\/es\/wp-json\/wp\/v2\/pages\/1033\/revisions\/23698"}],"up":[{"embeddable":true,"href":"https:\/\/www.wma.net\/es\/wp-json\/wp\/v2\/pages\/1027"}],"wp:attachment":[{"href":"https:\/\/www.wma.net\/es\/wp-json\/wp\/v2\/media?parent=1033"}],"curies":[{"name":"wp","href":"https:\/\/api.w.org\/{rel}","templated":true}]}}