{"id":1026,"date":"2016-11-22T14:22:48","date_gmt":"2016-11-22T14:22:48","guid":{"rendered":"https:\/\/www.wma.net\/es\/?page_id=1026"},"modified":"2025-03-31T10:20:55","modified_gmt":"2025-03-31T09:20:55","slug":"guias-y-formularios","status":"publish","type":"page","link":"https:\/\/www.wma.net\/es\/seccion-de-miembros\/guias-y-formularios\/","title":{"rendered":"Gu\u00edas y Formularios"},"content":{"rendered":"<table style=\"width: 100%\" border=\"0\" cellspacing=\"0\" cellpadding=\"0\">\n<tbody>\n<tr>\n<td>25.03.2025<\/td>\n<td><a href=\"https:\/\/www.wma.net\/wp-content\/uploads\/2025\/03\/Council-Guide-April2025_S.pdf\" target=\"_blank\" rel=\"noopener\">Gu\u00eda de Orientaci\u00f3n para los Miembros del Consejo<\/a><\/td>\n<\/tr>\n<tr>\n<td>20.03.2025<\/td>\n<td><a href=\"https:\/\/www.wma.net\/wp-content\/uploads\/2025\/03\/Chair-Guide-April2025_S.pdf\" target=\"_blank\" rel=\"noopener noreferrer\">Gu\u00eda de Orientaci\u00f3n para los Presidentes del Consejo y de Comit\u00e9s<\/a><\/td>\n<\/tr>\n<tr>\n<td>21.11.2024<\/td>\n<td><a href=\"https:\/\/www.wma.net\/wp-content\/uploads\/2024\/11\/WMA-Policy-Template_v8_S.docx\" target=\"_blank\" rel=\"noopener\">[Formulario] Presentaci\u00f3n de nueva politica (v8)<\/a><\/td>\n<\/tr>\n<tr>\n<td>20.10.2022<\/td>\n<td><a href=\"https:\/\/www.wma.net\/es\/policies-post\/directrices-de-la-amm-sobre-la-igualdad-lgbtq-en-los-lugares-donde-se-celebran-reuniones-y-funciones-de-la-amm\/\">Directrices de la AMM sobre la igualdad LGBTQ en los lugares donde se celebran reuniones y funciones de la AMM<\/a><\/td>\n<\/tr>\n<tr>\n<td>20.10.2022<\/td>\n<td><a href=\"https:\/\/www.wma.net\/wp-content\/uploads\/2022\/10\/WMA-Green-Guidelines-Oct-2022_S.pdf\">Directrices ambientales para las reuniones de la AMM con el fin de realizar eventos m\u00e1s sustentables<\/a><\/td>\n<\/tr>\n<tr>\n<td>19.09.2022<\/td>\n<td><a href=\"https:\/\/www.wma.net\/wp-content\/uploads\/2022\/09\/WMA-Admin-Account-User-Guide-Sept2022_S.pdf\" target=\"_blank\" rel=\"noopener\">Guia del usuario para cuenta \u00abAdmin\u00bb<\/a><\/td>\n<\/tr>\n<tr>\n<td>19.07.2021<\/td>\n<td><a href=\"https:\/\/www.wma.net\/wp-content\/uploads\/2021\/07\/Meeting-Documents-Depository-Users-Guide-Jul2021_S-1.pdf\" target=\"_blank\" rel=\"noopener noreferrer\">Guia del Usuario para el Repositorio de Documentos Oficiales de la AMM<\/a><\/td>\n<\/tr>\n<tr>\n<td>29.09.2020<\/td>\n<td><a href=\"https:\/\/www.wma.net\/wp-content\/uploads\/2020\/10\/Voting-with-NemoVote_S.pdf\" target=\"_blank\" rel=\"noopener noreferrer\">Votar con NemoVote<\/a><\/td>\n<\/tr>\n<tr>\n<td>09.10.2017<\/td>\n<td><a href=\"https:\/\/www.wma.net\/wp-content\/uploads\/2018\/09\/GA-Delegate-Orientation_S.pdf\">Guia de orientaci\u00f3n &#8211; delegados de la Asamblea General<\/a>\u00a0\/\u00a0<a href=\"https:\/\/www.wma.net\/wp-content\/uploads\/2022\/09\/GA-Delegate-Orientation-Presentation-Oct2022_S.pdf\" target=\"_blank\" rel=\"noopener\">Presentaci\u00f3n: Gu\u00eda de Orientaci\u00f3n Delegados de la AG<\/a> (versi\u00f3n 2022)<\/td>\n<\/tr>\n<tr>\n<td>06.10.2017<\/td>\n<td><a href=\"https:\/\/www.wma.net\/wp-content\/uploads\/2019\/04\/Resumen-de-los-Procedimientos-Parlamentarios_v2.pdf\" target=\"_blank\" rel=\"noopener noreferrer\">Resumen de los Procedimientos Parlamentarios<\/a><\/td>\n<\/tr>\n<tr>\n<td>09.10.2016<\/td>\n<td><a href=\"https:\/\/www.wma.net\/wp-content\/uploads\/2016\/11\/Guia-de-orientacion-Delegados-de-la-Asamblea-General.pdf\" target=\"_blank\" rel=\"noopener noreferrer\">GA 2016-Delegate Orientation-Oct2016_S<\/a><\/td>\n<\/tr>\n<\/tbody>\n<\/table>\n<p>&nbsp;<\/p>\n","protected":false},"excerpt":{"rendered":"<p>25.03.2025 Gu\u00eda de Orientaci\u00f3n para los Miembros del Consejo 20.03.2025 Gu\u00eda de Orientaci\u00f3n para los Presidentes del Consejo y de Comit\u00e9s 21.11.2024 [Formulario] Presentaci\u00f3n de nueva politica (v8) 20.10.2022 Directrices de la AMM sobre la igualdad LGBTQ en los lugares donde se celebran reuniones y funciones de la AMM 20.10.2022 Directrices ambientales para las reuniones [&hellip;]<\/p>\n","protected":false},"author":3,"featured_media":0,"parent":1015,"menu_order":3,"comment_status":"closed","ping_status":"closed","template":"template-member-area.php","meta":[],"acf":[],"_links":{"self":[{"href":"https:\/\/www.wma.net\/es\/wp-json\/wp\/v2\/pages\/1026"}],"collection":[{"href":"https:\/\/www.wma.net\/es\/wp-json\/wp\/v2\/pages"}],"about":[{"href":"https:\/\/www.wma.net\/es\/wp-json\/wp\/v2\/types\/page"}],"author":[{"embeddable":true,"href":"https:\/\/www.wma.net\/es\/wp-json\/wp\/v2\/users\/3"}],"replies":[{"embeddable":true,"href":"https:\/\/www.wma.net\/es\/wp-json\/wp\/v2\/comments?post=1026"}],"version-history":[{"count":36,"href":"https:\/\/www.wma.net\/es\/wp-json\/wp\/v2\/pages\/1026\/revisions"}],"predecessor-version":[{"id":24353,"href":"https:\/\/www.wma.net\/es\/wp-json\/wp\/v2\/pages\/1026\/revisions\/24353"}],"up":[{"embeddable":true,"href":"https:\/\/www.wma.net\/es\/wp-json\/wp\/v2\/pages\/1015"}],"wp:attachment":[{"href":"https:\/\/www.wma.net\/es\/wp-json\/wp\/v2\/media?parent=1026"}],"curies":[{"name":"wp","href":"https:\/\/api.w.org\/{rel}","templated":true}]}}