{"id":1025,"date":"2016-11-22T14:22:09","date_gmt":"2016-11-22T14:22:09","guid":{"rendered":"https:\/\/www.wma.net\/es\/?page_id=1025"},"modified":"2025-05-07T15:04:07","modified_gmt":"2025-05-07T14:04:07","slug":"terminos-de-referencia","status":"publish","type":"page","link":"https:\/\/www.wma.net\/es\/seccion-de-miembros\/documentos-permanentes\/terminos-de-referencia\/","title":{"rendered":"T\u00e9rminos de Referencia"},"content":{"rendered":"<table style=\"width: 100%\" border=\"0\" cellspacing=\"0\" cellpadding=\"0\">\n<tbody>\n<tr>\n<td><\/td>\n<td><\/td>\n<\/tr>\n<tr>\n<td>26.04.2025<\/td>\n<td><a href=\"https:\/\/www.wma.net\/wp-content\/uploads\/2025\/05\/JDN-Terms-of-Reference-2025_S.pdf\" target=\"_blank\" rel=\"noopener noreferrer\">T\u00e9rminos de referencia de la Red de M\u00e9dicos J\u00f3venes (JDN) 2025<\/a><\/td>\n<\/tr>\n<tr>\n<td>19.03.2020<\/td>\n<td><a href=\"https:\/\/www.wma.net\/wp-content\/uploads\/2020\/11\/RC-Terms-of-Reference-2020_S.pdf\" target=\"_blank\" rel=\"noopener noreferrer\">T\u00e9rminos de Referencia para el Comit\u00e9 Revisor<\/a><\/td>\n<\/tr>\n<tr>\n<td>06.04.2013<\/td>\n<td><a href=\"https:\/\/www.wma.net\/wp-content\/uploads\/2016\/11\/PPCN-Terms-of-Reference-2013.pdf\" target=\"_blank\" rel=\"noopener noreferrer\">PPCN Terms of Refer<\/a><a href=\"https:\/\/www.wma.net\/wp-content\/uploads\/2016\/11\/PPCN-Terms-of-Reference-2013.pdf\" target=\"_blank\" rel=\"noopener noreferrer\">ence 2013<\/a><\/td>\n<\/tr>\n<\/tbody>\n<\/table>\n<p>&nbsp;<\/p>\n","protected":false},"excerpt":{"rendered":"<p>26.04.2025 T\u00e9rminos de referencia de la Red de M\u00e9dicos J\u00f3venes (JDN) 2025 19.03.2020 T\u00e9rminos de Referencia para el Comit\u00e9 Revisor 06.04.2013 PPCN Terms of Reference 2013 &nbsp;<\/p>\n","protected":false},"author":3,"featured_media":0,"parent":1024,"menu_order":0,"comment_status":"closed","ping_status":"closed","template":"template-member-area.php","meta":[],"acf":[],"_links":{"self":[{"href":"https:\/\/www.wma.net\/es\/wp-json\/wp\/v2\/pages\/1025"}],"collection":[{"href":"https:\/\/www.wma.net\/es\/wp-json\/wp\/v2\/pages"}],"about":[{"href":"https:\/\/www.wma.net\/es\/wp-json\/wp\/v2\/types\/page"}],"author":[{"embeddable":true,"href":"https:\/\/www.wma.net\/es\/wp-json\/wp\/v2\/users\/3"}],"replies":[{"embeddable":true,"href":"https:\/\/www.wma.net\/es\/wp-json\/wp\/v2\/comments?post=1025"}],"version-history":[{"count":9,"href":"https:\/\/www.wma.net\/es\/wp-json\/wp\/v2\/pages\/1025\/revisions"}],"predecessor-version":[{"id":24629,"href":"https:\/\/www.wma.net\/es\/wp-json\/wp\/v2\/pages\/1025\/revisions\/24629"}],"up":[{"embeddable":true,"href":"https:\/\/www.wma.net\/es\/wp-json\/wp\/v2\/pages\/1024"}],"wp:attachment":[{"href":"https:\/\/www.wma.net\/es\/wp-json\/wp\/v2\/media?parent=1025"}],"curies":[{"name":"wp","href":"https:\/\/api.w.org\/{rel}","templated":true}]}}