{"id":1015,"date":"2016-11-22T14:19:31","date_gmt":"2016-11-22T14:19:31","guid":{"rendered":"https:\/\/www.wma.net\/es\/?page_id=1015"},"modified":"2017-02-27T16:25:34","modified_gmt":"2017-02-27T16:25:34","slug":"seccion-de-miembros","status":"publish","type":"page","link":"https:\/\/www.wma.net\/es\/seccion-de-miembros\/","title":{"rendered":"Secci\u00f3n de miembros"},"content":{"rendered":"<p>La Asociaci\u00f3n M\u00e9dica Mundial pone a disposici\u00f3n del p\u00fablico su misi\u00f3n, visi\u00f3n y pol\u00edticas. Sin embargo, esto requiere un proceso largo, por lo general, entre los miembros para preparar, debatir y decidir sobre una pol\u00edtica o propuesta.<\/p>\n<p>Una de las principales funciones de la secci\u00f3n de miembros del sitio de la AMM es facilitar este trabajo. Esta secci\u00f3n est\u00e1 abierta s\u00f3lo para los miembros a fin de permitir un intercambio libre de ideas y un trabajo continuo de nuestros documentos, en especial los proyectos. Es muy importante entender que el uso de este sitio est\u00e1 basado en una confianza mutua, que la informaci\u00f3n incluida aqu\u00ed no se publica ni se comparte fuera de las asociaciones miembros y los miembros asociados.<\/p>\n<p>No se trata de tener de secretos, sino calidad y seguridad. Nuestros proyectos no est\u00e1n listos para ser publicados. Algunos est\u00e1n por terminarse, pero pueden estar incompletos y s\u00f3lo produce confusi\u00f3n. Lo m\u00e1s importante es que les falta una adopci\u00f3n democr\u00e1tica, que es lo m\u00e1s significativo para cualquier pol\u00edtica.<\/p>\n<p>En casos excepcionales, el Consejo puede decidir dar a conocer p\u00fablicamente un proyecto para tener comentarios para el proceso, pero esto es una facultad del Consejo o la Asamblea General. Les pedimos que respeten las reglas y el proceso. La calidad y la legitimidad democr\u00e1tica son caracter\u00edsticas importantes de las pol\u00edticas de la AMM.<\/p>\n","protected":false},"excerpt":{"rendered":"<p>La Asociaci\u00f3n M\u00e9dica Mundial pone a disposici\u00f3n del p\u00fablico su misi\u00f3n, visi\u00f3n y pol\u00edticas. Sin embargo, esto requiere un proceso largo, por lo general, entre los miembros para preparar, debatir y decidir sobre una pol\u00edtica o propuesta. Una de las principales funciones de la secci\u00f3n de miembros del sitio de la AMM es facilitar este [&hellip;]<\/p>\n","protected":false},"author":3,"featured_media":0,"parent":0,"menu_order":7,"comment_status":"closed","ping_status":"closed","template":"template-member-area.php","meta":[],"acf":[],"_links":{"self":[{"href":"https:\/\/www.wma.net\/es\/wp-json\/wp\/v2\/pages\/1015"}],"collection":[{"href":"https:\/\/www.wma.net\/es\/wp-json\/wp\/v2\/pages"}],"about":[{"href":"https:\/\/www.wma.net\/es\/wp-json\/wp\/v2\/types\/page"}],"author":[{"embeddable":true,"href":"https:\/\/www.wma.net\/es\/wp-json\/wp\/v2\/users\/3"}],"replies":[{"embeddable":true,"href":"https:\/\/www.wma.net\/es\/wp-json\/wp\/v2\/comments?post=1015"}],"version-history":[{"count":2,"href":"https:\/\/www.wma.net\/es\/wp-json\/wp\/v2\/pages\/1015\/revisions"}],"predecessor-version":[{"id":7210,"href":"https:\/\/www.wma.net\/es\/wp-json\/wp\/v2\/pages\/1015\/revisions\/7210"}],"wp:attachment":[{"href":"https:\/\/www.wma.net\/es\/wp-json\/wp\/v2\/media?parent=1015"}],"curies":[{"name":"wp","href":"https:\/\/api.w.org\/{rel}","templated":true}]}}