{"id":1005,"date":"2016-11-22T14:16:51","date_gmt":"2016-11-22T14:16:51","guid":{"rendered":"https:\/\/www.wma.net\/es\/?page_id=1005"},"modified":"2026-03-18T10:26:41","modified_gmt":"2026-03-18T10:26:41","slug":"afiliacion","status":"publish","type":"page","link":"https:\/\/www.wma.net\/es\/medicos-jovenes\/afiliacion\/","title":{"rendered":"Afiliaci\u00f3n"},"content":{"rendered":"<p><strong>\u00bfQui\u00e9n puede afiliarse a la JDN?<\/strong><\/p>\n<p>Los miembros de la JDN deben encontrarse dentro de los 10 a\u00f1os posteriores a su graduaci\u00f3n de la facultad de medicina y ser Miembros Asociados de la AMM.<\/p>\n<p><em>Nota: La afiliaci\u00f3n como miembro asociado de la AMM es gratuita para todos los m\u00e9dicos durante los primeros cinco a\u00f1os despu\u00e9s de la graduaci\u00f3n.<\/em><\/p>\n<p><strong>\u00bfC\u00f3mo hacerse miembro de la JDN?<\/strong><\/p>\n<p>Para unirse a la JDN, por favor siga los enlaces y complete:<\/p>\n<p>1. Inscripci\u00f3n como Miembro Asociado (y seleccione el formulario de M\u00e9dico Joven):<br \/>\n<a href=\"https:\/\/www.wma.net\/sign-up\/\">https:\/\/www.wma.net\/sign-up\/<\/a><\/p>\n<p>2. Inscripci\u00f3n JDN:<br \/>\n<a href=\"https:\/\/forms.gle\/2ecpTQArUwJCAMmWA\" target=\"_blank\" rel=\"noopener\">https:\/\/forms.gle\/2ecpTQArUwJCAMmWA<\/a><\/p>\n<p>La inscripci\u00f3n requiere la validaci\u00f3n de los documentos asociados, puede haber un retraso de unas semanas desde el momento de la inscripci\u00f3n hasta el momento en que se le a\u00f1ada a las listas de correo. Todos los inscritos que hayan presentado una solicitud completa recibir\u00e1n un correo electr\u00f3nico confirmando que han sido incorporados y una invitaci\u00f3n para ser a\u00f1adidos a la lista de correo; a los dem\u00e1s se les informar\u00e1 c\u00f3mo completar adecuadamente su solicitud.<\/p>\n<p>Para m\u00e1s informaci\u00f3n, s\u00edrvase enviar un correo electr\u00f3nico a <a href=\"mailto:membership.jdn@wma.net\" target=\"_blank\" rel=\"noopener\">membership.jdn@wma.net<\/a>.<\/p>\n<p><strong>S\u00edganos en las redes sociales<\/strong><\/p>\n<div class=\"mceTemp\"><\/div>\n<p><a href=\"https:\/\/twitter.com\/WMAJDN\" target=\"_blank\" rel=\"noopener\"><img loading=\"lazy\" class=\"alignnone wp-image-21366 size-full\" src=\"https:\/\/www.wma.net\/wp-content\/uploads\/2023\/12\/twitter-logo.png\" alt=\"\" width=\"62\" height=\"67\" \/><\/a> <a href=\"https:\/\/www.instagram.com\/wma_jdn\/\" target=\"_blank\" rel=\"noopener\"><img loading=\"lazy\" class=\"alignnone wp-image-21369 size-full\" src=\"https:\/\/www.wma.net\/wp-content\/uploads\/2023\/12\/Instagram-logo.jpg\" alt=\"\" width=\"60\" height=\"60\" \/><\/a> \u00a0<a href=\"https:\/\/www.facebook.com\/profile.php?id=100077826644766\" target=\"_blank\" rel=\"noopener\"><img loading=\"lazy\" class=\"alignnone wp-image-21372 size-full\" src=\"https:\/\/www.wma.net\/wp-content\/uploads\/2023\/12\/Facebook-logo.jpg\" alt=\"\" width=\"60\" height=\"60\" \/><\/a> <a href=\"https:\/\/www.linkedin.com\/showcase\/wma-junior-doctors-network-jdn\" target=\"_blank\" rel=\"noopener\">\u00a0<\/a><a href=\"https:\/\/www.linkedin.com\/showcase\/wma-junior-doctors-network-jdn\" target=\"_blank\" rel=\"noopener\"><img loading=\"lazy\" class=\"alignnone wp-image-24432\" src=\"https:\/\/www.wma.net\/wp-content\/uploads\/2025\/04\/linkedin-300x300.jpg\" alt=\"\" width=\"61\" height=\"61\" srcset=\"https:\/\/www.wma.net\/wp-content\/uploads\/2025\/04\/linkedin-300x300.jpg 300w, https:\/\/www.wma.net\/wp-content\/uploads\/2025\/04\/linkedin-150x150.jpg 150w, https:\/\/www.wma.net\/wp-content\/uploads\/2025\/04\/linkedin.jpg 500w\" sizes=\"(max-width: 61px) 100vw, 61px\" \/><\/a> <a href=\"https:\/\/bsky.app\/profile\/wma-jdn.bsky.social\" target=\"_blank\" rel=\"noopener\"><img loading=\"lazy\" class=\"alignnone wp-image-24453\" src=\"https:\/\/www.wma.net\/wp-content\/uploads\/2025\/04\/BlueSky-5.jpg\" alt=\"\" width=\"60\" height=\"60\" \/>\u00a0<\/a><a href=\"https:\/\/jdn-workspace.notion.site\/WMA-JDN-Workspace-1316a1d0075b80829f42cd6a17673c36\" target=\"_blank\" rel=\"noopener\"><img loading=\"lazy\" class=\"alignnone wp-image-26186\" src=\"https:\/\/www.wma.net\/wp-content\/uploads\/2026\/03\/Notion_logo.png\" alt=\"\" width=\"60\" height=\"60\" \/><\/a><\/p>\n<p>&nbsp;<\/p>\n<p>&nbsp;<\/p>\n","protected":false},"excerpt":{"rendered":"<p>\u00bfQui\u00e9n puede afiliarse a la JDN? Los miembros de la JDN deben encontrarse dentro de los 10 a\u00f1os posteriores a su graduaci\u00f3n de la facultad de medicina y ser Miembros Asociados de la AMM. Nota: La afiliaci\u00f3n como miembro asociado de la AMM es gratuita para todos los m\u00e9dicos durante los primeros cinco a\u00f1os despu\u00e9s [&hellip;]<\/p>\n","protected":false},"author":3,"featured_media":0,"parent":998,"menu_order":1,"comment_status":"closed","ping_status":"closed","template":"","meta":[],"acf":[],"_links":{"self":[{"href":"https:\/\/www.wma.net\/es\/wp-json\/wp\/v2\/pages\/1005"}],"collection":[{"href":"https:\/\/www.wma.net\/es\/wp-json\/wp\/v2\/pages"}],"about":[{"href":"https:\/\/www.wma.net\/es\/wp-json\/wp\/v2\/types\/page"}],"author":[{"embeddable":true,"href":"https:\/\/www.wma.net\/es\/wp-json\/wp\/v2\/users\/3"}],"replies":[{"embeddable":true,"href":"https:\/\/www.wma.net\/es\/wp-json\/wp\/v2\/comments?post=1005"}],"version-history":[{"count":18,"href":"https:\/\/www.wma.net\/es\/wp-json\/wp\/v2\/pages\/1005\/revisions"}],"predecessor-version":[{"id":26229,"href":"https:\/\/www.wma.net\/es\/wp-json\/wp\/v2\/pages\/1005\/revisions\/26229"}],"up":[{"embeddable":true,"href":"https:\/\/www.wma.net\/es\/wp-json\/wp\/v2\/pages\/998"}],"wp:attachment":[{"href":"https:\/\/www.wma.net\/es\/wp-json\/wp\/v2\/media?parent=1005"}],"curies":[{"name":"wp","href":"https:\/\/api.w.org\/{rel}","templated":true}]}}